{"id":10456,"date":"2022-11-19T09:51:51","date_gmt":"2022-11-19T08:51:51","guid":{"rendered":"https:\/\/www.swisscanto-flex.ch\/solutions-de-retraite\/"},"modified":"2023-12-21T08:45:20","modified_gmt":"2023-12-21T07:45:20","slug":"solutions-de-retraite","status":"publish","type":"page","link":"https:\/\/www.swisscanto-flex.ch\/fr\/solutions-de-retraite\/","title":{"rendered":"Solutions de pr\u00e9voyance"},"content":{"rendered":"\t\t<div data-elementor-type=\"wp-page\" data-elementor-id=\"10456\" class=\"elementor elementor-10456 elementor-7717\" data-elementor-settings=\"{&quot;ha_cmc_init_switcher&quot;:&quot;no&quot;}\" data-elementor-post-type=\"page\">\n\t\t\t\t\t\t<section class=\"elementor-section elementor-top-section elementor-element elementor-element-bb5cab4 elementor-section-boxed elementor-section-height-default elementor-section-height-default\" data-id=\"bb5cab4\" data-element_type=\"section\" data-settings=\"{&quot;_ha_eqh_enable&quot;:false}\">\n\t\t\t\t\t\t<div class=\"elementor-container elementor-column-gap-default\">\n\t\t\t\t\t<div class=\"elementor-column elementor-col-100 elementor-top-column elementor-element elementor-element-e40303e\" data-id=\"e40303e\" data-element_type=\"column\">\n\t\t\t<div class=\"elementor-widget-wrap elementor-element-populated\">\n\t\t\t\t\t\t<div class=\"elementor-element elementor-element-e2776b7 elementor-widget elementor-widget-heading\" data-id=\"e2776b7\" data-element_type=\"widget\" data-widget_type=\"heading.default\">\n\t\t\t\t<div class=\"elementor-widget-container\">\n\t\t\t\t\t<h1 class=\"elementor-heading-title elementor-size-default\">Solutions de pr\u00e9voyance<\/h1>\t\t\t\t<\/div>\n\t\t\t\t<\/div>\n\t\t\t\t<div class=\"elementor-element elementor-element-6c7744d elementor-widget elementor-widget-text-editor\" data-id=\"6c7744d\" data-element_type=\"widget\" data-widget_type=\"text-editor.default\">\n\t\t\t\t<div class=\"elementor-widget-container\">\n\t\t\t\t\t\t\t\t\t<p>La Swisscanto Flex Fondation Collective propose aux PME de diff\u00e9rentes tailles une gamme de produits innovants, flexibles et performants dans le domaine de la pr\u00e9voyance professionnelle.<\/p>\n\t\t\t\t\t\t\t\t<\/div>\n\t\t\t\t<\/div>\n\t\t\t\t\t<\/div>\n\t\t<\/div>\n\t\t\t\t\t<\/div>\n\t\t<\/section>\n\t\t\t\t<section class=\"elementor-section elementor-top-section elementor-element elementor-element-5720771 elementor-section-boxed elementor-section-height-default elementor-section-height-default\" data-id=\"5720771\" data-element_type=\"section\" data-settings=\"{&quot;_ha_eqh_enable&quot;:false}\">\n\t\t\t\t\t\t<div class=\"elementor-container elementor-column-gap-no\">\n\t\t\t\t\t<div class=\"elementor-column elementor-col-100 elementor-top-column elementor-element elementor-element-8f8dfad\" data-id=\"8f8dfad\" data-element_type=\"column\">\n\t\t\t<div class=\"elementor-widget-wrap elementor-element-populated\">\n\t\t\t\t\t\t<div class=\"elementor-element elementor-element-3d1551c elementor-widget elementor-widget-image\" data-id=\"3d1551c\" data-element_type=\"widget\" data-widget_type=\"image.default\">\n\t\t\t\t<div class=\"elementor-widget-container\">\n\t\t\t\t\t\t\t\t\t\t\t\t\t\t\t<img fetchpriority=\"high\" decoding=\"async\" width=\"800\" height=\"400\" src=\"https:\/\/www.swisscanto-flex.ch\/wp-content\/uploads\/2022\/12\/Vorsorgeloesungen_Header.jpg\" class=\"attachment-large size-large wp-image-7883\" alt=\"\" srcset=\"https:\/\/www.swisscanto-flex.ch\/wp-content\/uploads\/2022\/12\/Vorsorgeloesungen_Header.jpg 1920w, https:\/\/www.swisscanto-flex.ch\/wp-content\/uploads\/2022\/12\/Vorsorgeloesungen_Header-300x150.jpg 300w, https:\/\/www.swisscanto-flex.ch\/wp-content\/uploads\/2022\/12\/Vorsorgeloesungen_Header-768x384.jpg 768w, https:\/\/www.swisscanto-flex.ch\/wp-content\/uploads\/2022\/12\/Vorsorgeloesungen_Header-1536x768.jpg 1536w\" sizes=\"(max-width: 800px) 100vw, 800px\" \/>\t\t\t\t\t\t\t\t\t\t\t\t\t\t\t<\/div>\n\t\t\t\t<\/div>\n\t\t\t\t\t<\/div>\n\t\t<\/div>\n\t\t\t\t\t<\/div>\n\t\t<\/section>\n\t\t\t\t<section class=\"elementor-section elementor-top-section elementor-element elementor-element-607c2fe elementor-section-boxed elementor-section-height-default elementor-section-height-default\" data-id=\"607c2fe\" data-element_type=\"section\" data-settings=\"{&quot;_ha_eqh_enable&quot;:false}\">\n\t\t\t\t\t\t<div class=\"elementor-container elementor-column-gap-default\">\n\t\t\t\t\t<div class=\"elementor-column elementor-col-100 elementor-top-column elementor-element elementor-element-b49db8e\" data-id=\"b49db8e\" data-element_type=\"column\">\n\t\t\t<div class=\"elementor-widget-wrap elementor-element-populated\">\n\t\t\t\t\t\t<div class=\"elementor-element elementor-element-f2d26e4 elementor-widget elementor-widget-text-editor\" data-id=\"f2d26e4\" data-element_type=\"widget\" data-widget_type=\"text-editor.default\">\n\t\t\t\t<div class=\"elementor-widget-container\">\n\t\t\t\t\t\t\t\t\t<p>La Swisscanto Flex Fondation Collective couvre les diff\u00e9rents besoins des entreprises clientes avec des plans d&rsquo;assurance individuels et diverses possibilit\u00e9s de placement des avoirs de pr\u00e9voyance. Avec Swisscanto Flex, les entreprises peuvent opter soit pour la solution de pr\u00e9voyance Flex collective standardis\u00e9e, soit pour la solution de pr\u00e9voyance Flex individuelle sur mesure.<\/p>\n\t\t\t\t\t\t\t\t<\/div>\n\t\t\t\t<\/div>\n\t\t\t\t<div class=\"elementor-element elementor-element-ecd6ac5 elementor-widget elementor-widget-heading\" data-id=\"ecd6ac5\" data-element_type=\"widget\" data-widget_type=\"heading.default\">\n\t\t\t\t<div class=\"elementor-widget-container\">\n\t\t\t\t\t<h2 class=\"elementor-heading-title elementor-size-default\">Flex collective<\/h2>\t\t\t\t<\/div>\n\t\t\t\t<\/div>\n\t\t\t\t<div class=\"elementor-element elementor-element-f309024 elementor-widget elementor-widget-text-editor\" data-id=\"f309024\" data-element_type=\"widget\" data-widget_type=\"text-editor.default\">\n\t\t\t\t<div class=\"elementor-widget-container\">\n\t\t\t\t\t\t\t\t\t<p>La solution de pr\u00e9voyance g\u00e9r\u00e9e conjointement est investie exclusivement dans le pool d&rsquo;investissement Flex 35.<\/p>\n\t\t\t\t\t\t\t\t<\/div>\n\t\t\t\t<\/div>\n\t\t\t\t<div class=\"elementor-element elementor-element-37bd1c2 elementor-view-default elementor-widget elementor-widget-icon\" data-id=\"37bd1c2\" data-element_type=\"widget\" data-widget_type=\"icon.default\">\n\t\t\t\t<div class=\"elementor-widget-container\">\n\t\t\t\t\t\t\t<div class=\"elementor-icon-wrapper\">\n\t\t\t<a class=\"elementor-icon\" href=\"https:\/\/www.swisscanto-flex.ch\/fr\/solutions-de-retraite\/flex-collective\/\">\n\t\t\t<i aria-hidden=\"true\" class=\"icon icon-sc-arrow3-right\"><\/i>\t\t\t<\/a>\n\t\t<\/div>\n\t\t\t\t\t\t<\/div>\n\t\t\t\t<\/div>\n\t\t\t\t<div class=\"elementor-element elementor-element-bb0762d elementor-widget elementor-widget-heading\" data-id=\"bb0762d\" data-element_type=\"widget\" data-widget_type=\"heading.default\">\n\t\t\t\t<div class=\"elementor-widget-container\">\n\t\t\t\t\t<h2 class=\"elementor-heading-title elementor-size-default\">Flex individuelle<\/h2>\t\t\t\t<\/div>\n\t\t\t\t<\/div>\n\t\t\t\t<div class=\"elementor-element elementor-element-c298436 elementor-widget elementor-widget-text-editor\" data-id=\"c298436\" data-element_type=\"widget\" data-widget_type=\"text-editor.default\">\n\t\t\t\t<div class=\"elementor-widget-container\">\n\t\t\t\t\t\t\t\t\t<p>Les clients de cette solution de pr\u00e9voyance ont la possibilit\u00e9 de choisir un pool de placement sp\u00e9cifique en fonction de leur capacit\u00e9 de risque individuelle. Cela d\u00e9pend fortement du degr\u00e9 de couverture du fonds de pension, de la composition des assur\u00e9s et des r\u00e9serves existantes. Une fois que les fluctuations de valeur cibles n\u00e9cessaires ont \u00e9t\u00e9 atteintes, un changement au sein des diff\u00e9rents pools d&rsquo;investissement est possible sur une base annuelle.<\/p>\n\t\t\t\t\t\t\t\t<\/div>\n\t\t\t\t<\/div>\n\t\t\t\t<div class=\"elementor-element elementor-element-40aadfd elementor-view-default elementor-widget elementor-widget-icon\" data-id=\"40aadfd\" data-element_type=\"widget\" data-widget_type=\"icon.default\">\n\t\t\t\t<div class=\"elementor-widget-container\">\n\t\t\t\t\t\t\t<div class=\"elementor-icon-wrapper\">\n\t\t\t<a class=\"elementor-icon\" href=\"https:\/\/www.swisscanto-flex.ch\/fr\/solutions-de-retraite\/flex-individuelle\/\">\n\t\t\t<i aria-hidden=\"true\" class=\"icon icon-sc-arrow3-right\"><\/i>\t\t\t<\/a>\n\t\t<\/div>\n\t\t\t\t\t\t<\/div>\n\t\t\t\t<\/div>\n\t\t\t\t<div class=\"elementor-element elementor-element-1f49e21 elementor-widget elementor-widget-heading\" data-id=\"1f49e21\" data-element_type=\"widget\" data-widget_type=\"heading.default\">\n\t\t\t\t<div class=\"elementor-widget-container\">\n\t\t\t\t\t<h2 class=\"elementor-heading-title elementor-size-default\">Caisse de pr\u00e9voyance pour les pensionn\u00e9s<\/h2>\t\t\t\t<\/div>\n\t\t\t\t<\/div>\n\t\t\t\t<div class=\"elementor-element elementor-element-59eba76 elementor-widget elementor-widget-text-editor\" data-id=\"59eba76\" data-element_type=\"widget\" data-widget_type=\"text-editor.default\">\n\t\t\t\t<div class=\"elementor-widget-container\">\n\t\t\t\t\t\t\t\t\t<p>La fondation collective g\u00e8re un plan de pr\u00e9voyance s\u00e9par\u00e9 pour les assur\u00e9s actifs d&rsquo;un employeur affili\u00e9. Les pensionn\u00e9s sont g\u00e9r\u00e9s dans le fonds de pension externalis\u00e9.<\/p>\n\t\t\t\t\t\t\t\t<\/div>\n\t\t\t\t<\/div>\n\t\t\t\t<div class=\"elementor-element elementor-element-42afeef elementor-view-default elementor-widget elementor-widget-icon\" data-id=\"42afeef\" data-element_type=\"widget\" data-widget_type=\"icon.default\">\n\t\t\t\t<div class=\"elementor-widget-container\">\n\t\t\t\t\t\t\t<div class=\"elementor-icon-wrapper\">\n\t\t\t<a class=\"elementor-icon\" href=\"https:\/\/www.swisscanto-flex.ch\/fr\/solutions-de-retraite\/institution-de-prevoyance-rentiers-fr\/\">\n\t\t\t<i aria-hidden=\"true\" class=\"icon icon-sc-arrow3-right\"><\/i>\t\t\t<\/a>\n\t\t<\/div>\n\t\t\t\t\t\t<\/div>\n\t\t\t\t<\/div>\n\t\t\t\t\t<\/div>\n\t\t<\/div>\n\t\t\t\t\t<\/div>\n\t\t<\/section>\n\t\t\t\t<section class=\"elementor-section elementor-top-section elementor-element elementor-element-a5580c9 elementor-section-boxed elementor-section-height-default elementor-section-height-default\" data-id=\"a5580c9\" data-element_type=\"section\" data-settings=\"{&quot;_ha_eqh_enable&quot;:false}\">\n\t\t\t\t\t\t<div class=\"elementor-container elementor-column-gap-no\">\n\t\t\t\t\t<div class=\"elementor-column elementor-col-100 elementor-top-column elementor-element elementor-element-20d8041\" data-id=\"20d8041\" data-element_type=\"column\">\n\t\t\t<div class=\"elementor-widget-wrap elementor-element-populated\">\n\t\t\t\t\t\t<div class=\"elementor-element elementor-element-93cf1a2 elementor-widget elementor-widget-template\" data-id=\"93cf1a2\" data-element_type=\"widget\" data-widget_type=\"template.default\">\n\t\t\t\t<div class=\"elementor-widget-container\">\n\t\t\t\t\t\t\t<div class=\"elementor-template\">\n\t\t\t\t\t<div data-elementor-type=\"section\" data-elementor-id=\"13298\" class=\"elementor elementor-13298 elementor-13291\" data-elementor-settings=\"{&quot;ha_cmc_init_switcher&quot;:&quot;no&quot;}\" data-elementor-post-type=\"elementor_library\">\n\t\t\t\t\t<section class=\"elementor-section elementor-top-section elementor-element elementor-element-1b1d368f red-teaser elementor-section-boxed elementor-section-height-default elementor-section-height-default\" data-id=\"1b1d368f\" data-element_type=\"section\" data-settings=\"{&quot;_ha_eqh_enable&quot;:false}\">\n\t\t\t\t\t\t<div class=\"elementor-container elementor-column-gap-no\">\n\t\t\t\t\t<div class=\"elementor-column elementor-col-100 elementor-top-column elementor-element elementor-element-337faa32\" data-id=\"337faa32\" data-element_type=\"column\">\n\t\t\t<div class=\"elementor-widget-wrap elementor-element-populated\">\n\t\t\t\t\t\t<div class=\"elementor-element elementor-element-2bc65107 elementor-widget elementor-widget-ucaddon_contact_box\" data-id=\"2bc65107\" data-element_type=\"widget\" data-widget_type=\"ucaddon_contact_box.default\">\n\t\t\t\t<div class=\"elementor-widget-container\">\n\t\t\t\t\t\n<!-- start Contact Box -->\n<style>\/* widget: Contact Box *\/\n\n.sc-contact-box {\n  background-color: #080F5E;\n  color: white;\n  padding: 78px;\n  position: relative;\n}\n.sc-contact-box .sc-headline h2 {\n  color: white;\n  font-weight: bold;\n}\n.sc-contact-box:hover .sc-headline h2 {\n  color: var(--e-global-color-text);\n}\n.sc-contact-box .sc-text {\n  margin-bottom: 60px;\n}\n.sc-contact-box .sc-contact-box-wrapper-link {\n  position: absolute;\n  top: 0;\n  left: 0;\n  right: 0;\n  bottom: 0;\n}\n.sc-contact-box .elementor-button-wrapper {\n  position: relative;\n}\n.sc-contact-box .elementor-button-wrapper .elementor-button {\n  color: white;\n  border-color: white;\n  text-decoration: none;\n}\n.sc-contact-box .elementor-button-wrapper .elementor-button:hover {\n  color: #BFE8FC;\n  border-color: #BFE8FC;\n}\n\n<\/style>\n\n<div id=\"uc_contact_box_elementor_2bc65107\" class=\"sc-contact-box\">\n  <div class=\"sc-headline\">\n    <h2>Contactez-nous<\/h2>\n  <\/div>\n  <div class=\"sc-text\">\n    <p>Vous avez des questions sur notre organisation ? Nous sommes heureux d\u2019y r\u00e9pondre<\/p>\n\n  <\/div>\n  <a href=\"https:\/\/www.swisscanto-flex.ch\/fr\/contact\/\" class=\"sc-contact-box-wrapper-link\">&nbsp;<\/a>\n  <div class=\"elementor-button-wrapper\">\n    <a class=\"elementor-button elementor-button-link elementor-size-sm\" href=\"https:\/\/www.swisscanto-flex.ch\/fr\/contact\/\">\n      <span class=\"elementor-button-content-wrapper\">\n        <span class=\"elementor-button-text\">Contact<\/span>\n      <\/span>\n    <\/a>\n  <\/div>\n<\/div>\n<!-- end Contact Box -->\t\t\t\t<\/div>\n\t\t\t\t<\/div>\n\t\t\t\t\t<\/div>\n\t\t<\/div>\n\t\t\t\t\t<\/div>\n\t\t<\/section>\n\t\t\t\t<\/div>\n\t\t\t\t<\/div>\n\t\t\t\t\t\t<\/div>\n\t\t\t\t<\/div>\n\t\t\t\t\t<\/div>\n\t\t<\/div>\n\t\t\t\t\t<\/div>\n\t\t<\/section>\n\t\t\t\t<\/div>\n\t\t","protected":false},"excerpt":{"rendered":"<p>Solutions de pr\u00e9voyance La Swisscanto Flex Fondation Collective propose aux PME de diff\u00e9rentes tailles une gamme de produits innovants, flexibles et performants dans le domaine de la pr\u00e9voyance professionnelle. La Swisscanto Flex Fondation Collective couvre les diff\u00e9rents besoins des entreprises clientes avec des plans d&rsquo;assurance individuels et diverses possibilit\u00e9s de placement des avoirs de pr\u00e9voyance. [&hellip;]<\/p>\n","protected":false},"author":2,"featured_media":0,"parent":0,"menu_order":40,"comment_status":"closed","ping_status":"closed","template":"","meta":{"_acf_changed":false,"footnotes":""},"class_list":["post-10456","page","type-page","status-publish","hentry"],"acf":[],"yoast_head":"<!-- This site is optimized with the Yoast SEO plugin v26.1.1 - https:\/\/yoast.com\/wordpress\/plugins\/seo\/ -->\n<title>Solutions de pr\u00e9voyance flexibles pour les PME - Swisscanto Flex<\/title>\n<meta name=\"description\" content=\"Qu&#039;il s&#039;agisse de solutions de pr\u00e9voyance professionnelle standardis\u00e9es ou sur mesure: Swisscanto Flex vous propose la solution qui vous convient.\" \/>\n<meta name=\"robots\" content=\"index, follow, max-snippet:-1, max-image-preview:large, max-video-preview:-1\" \/>\n<link rel=\"canonical\" href=\"https:\/\/www.swisscanto-flex.ch\/fr\/solutions-de-retraite\/\" \/>\n<meta property=\"og:locale\" content=\"fr_FR\" \/>\n<meta property=\"og:type\" content=\"article\" \/>\n<meta property=\"og:title\" content=\"Solutions de pr\u00e9voyance flexibles pour les PME - Swisscanto Flex\" \/>\n<meta property=\"og:description\" content=\"Qu&#039;il s&#039;agisse de solutions de pr\u00e9voyance professionnelle standardis\u00e9es ou sur mesure: Swisscanto Flex vous propose la solution qui vous convient.\" \/>\n<meta property=\"og:url\" content=\"https:\/\/www.swisscanto-flex.ch\/fr\/solutions-de-retraite\/\" \/>\n<meta property=\"og:site_name\" content=\"Swisscanto Flex\" \/>\n<meta property=\"article:modified_time\" content=\"2023-12-21T07:45:20+00:00\" \/>\n<meta property=\"og:image\" content=\"https:\/\/www.swisscanto-flex.ch\/wp-content\/uploads\/2022\/12\/Vorsorgeloesungen_Header.jpg\" \/>\n<meta name=\"twitter:card\" content=\"summary_large_image\" \/>\n<meta name=\"twitter:label1\" content=\"Dur\u00e9e de lecture estim\u00e9e\" \/>\n\t<meta name=\"twitter:data1\" content=\"1 minute\" \/>\n<script type=\"application\/ld+json\" class=\"yoast-schema-graph\">{\"@context\":\"https:\/\/schema.org\",\"@graph\":[{\"@type\":\"WebPage\",\"@id\":\"https:\/\/www.swisscanto-flex.ch\/fr\/solutions-de-retraite\/\",\"url\":\"https:\/\/www.swisscanto-flex.ch\/fr\/solutions-de-retraite\/\",\"name\":\"Solutions de pr\u00e9voyance flexibles pour les PME - Swisscanto Flex\",\"isPartOf\":{\"@id\":\"https:\/\/www.swisscanto-flex.ch\/fr\/#website\"},\"primaryImageOfPage\":{\"@id\":\"https:\/\/www.swisscanto-flex.ch\/fr\/solutions-de-retraite\/#primaryimage\"},\"image\":{\"@id\":\"https:\/\/www.swisscanto-flex.ch\/fr\/solutions-de-retraite\/#primaryimage\"},\"thumbnailUrl\":\"https:\/\/www.swisscanto-flex.ch\/wp-content\/uploads\/2022\/12\/Vorsorgeloesungen_Header.jpg\",\"datePublished\":\"2022-11-19T08:51:51+00:00\",\"dateModified\":\"2023-12-21T07:45:20+00:00\",\"description\":\"Qu'il s'agisse de solutions de pr\u00e9voyance professionnelle standardis\u00e9es ou sur mesure: Swisscanto Flex vous propose la solution qui vous convient.\",\"breadcrumb\":{\"@id\":\"https:\/\/www.swisscanto-flex.ch\/fr\/solutions-de-retraite\/#breadcrumb\"},\"inLanguage\":\"fr-FR\",\"potentialAction\":[{\"@type\":\"ReadAction\",\"target\":[\"https:\/\/www.swisscanto-flex.ch\/fr\/solutions-de-retraite\/\"]}]},{\"@type\":\"ImageObject\",\"inLanguage\":\"fr-FR\",\"@id\":\"https:\/\/www.swisscanto-flex.ch\/fr\/solutions-de-retraite\/#primaryimage\",\"url\":\"https:\/\/www.swisscanto-flex.ch\/wp-content\/uploads\/2022\/12\/Vorsorgeloesungen_Header.jpg\",\"contentUrl\":\"https:\/\/www.swisscanto-flex.ch\/wp-content\/uploads\/2022\/12\/Vorsorgeloesungen_Header.jpg\"},{\"@type\":\"BreadcrumbList\",\"@id\":\"https:\/\/www.swisscanto-flex.ch\/fr\/solutions-de-retraite\/#breadcrumb\",\"itemListElement\":[{\"@type\":\"ListItem\",\"position\":1,\"name\":\"Home\",\"item\":\"https:\/\/www.swisscanto-flex.ch\/fr\/\"},{\"@type\":\"ListItem\",\"position\":2,\"name\":\"Solutions de pr\u00e9voyance\"}]},{\"@type\":\"WebSite\",\"@id\":\"https:\/\/www.swisscanto-flex.ch\/fr\/#website\",\"url\":\"https:\/\/www.swisscanto-flex.ch\/fr\/\",\"name\":\"Swisscanto Flex\",\"description\":\"\",\"publisher\":{\"@id\":\"https:\/\/www.swisscanto-flex.ch\/fr\/#organization\"},\"potentialAction\":[{\"@type\":\"SearchAction\",\"target\":{\"@type\":\"EntryPoint\",\"urlTemplate\":\"https:\/\/www.swisscanto-flex.ch\/fr\/?s={search_term_string}\"},\"query-input\":{\"@type\":\"PropertyValueSpecification\",\"valueRequired\":true,\"valueName\":\"search_term_string\"}}],\"inLanguage\":\"fr-FR\"},{\"@type\":\"Organization\",\"@id\":\"https:\/\/www.swisscanto-flex.ch\/fr\/#organization\",\"name\":\"Swisscanto Flex\",\"url\":\"https:\/\/www.swisscanto-flex.ch\/fr\/\",\"logo\":{\"@type\":\"ImageObject\",\"inLanguage\":\"fr-FR\",\"@id\":\"https:\/\/www.swisscanto-flex.ch\/fr\/#\/schema\/logo\/image\/\",\"url\":\"https:\/\/www.swisscanto-flex.ch\/wp-content\/uploads\/2025\/08\/SWCstift_Flex_DE_hor_pos_sRGB.png\",\"contentUrl\":\"https:\/\/www.swisscanto-flex.ch\/wp-content\/uploads\/2025\/08\/SWCstift_Flex_DE_hor_pos_sRGB.png\",\"width\":1241,\"height\":110,\"caption\":\"Swisscanto Flex\"},\"image\":{\"@id\":\"https:\/\/www.swisscanto-flex.ch\/fr\/#\/schema\/logo\/image\/\"}}]}<\/script>\n<!-- \/ Yoast SEO plugin. -->","yoast_head_json":{"title":"Solutions de pr\u00e9voyance flexibles pour les PME - Swisscanto Flex","description":"Qu'il s'agisse de solutions de pr\u00e9voyance professionnelle standardis\u00e9es ou sur mesure: Swisscanto Flex vous propose la solution qui vous convient.","robots":{"index":"index","follow":"follow","max-snippet":"max-snippet:-1","max-image-preview":"max-image-preview:large","max-video-preview":"max-video-preview:-1"},"canonical":"https:\/\/www.swisscanto-flex.ch\/fr\/solutions-de-retraite\/","og_locale":"fr_FR","og_type":"article","og_title":"Solutions de pr\u00e9voyance flexibles pour les PME - Swisscanto Flex","og_description":"Qu'il s'agisse de solutions de pr\u00e9voyance professionnelle standardis\u00e9es ou sur mesure: Swisscanto Flex vous propose la solution qui vous convient.","og_url":"https:\/\/www.swisscanto-flex.ch\/fr\/solutions-de-retraite\/","og_site_name":"Swisscanto Flex","article_modified_time":"2023-12-21T07:45:20+00:00","og_image":[{"url":"https:\/\/www.swisscanto-flex.ch\/wp-content\/uploads\/2022\/12\/Vorsorgeloesungen_Header.jpg","type":"","width":"","height":""}],"twitter_card":"summary_large_image","twitter_misc":{"Dur\u00e9e de lecture estim\u00e9e":"1 minute"},"schema":{"@context":"https:\/\/schema.org","@graph":[{"@type":"WebPage","@id":"https:\/\/www.swisscanto-flex.ch\/fr\/solutions-de-retraite\/","url":"https:\/\/www.swisscanto-flex.ch\/fr\/solutions-de-retraite\/","name":"Solutions de pr\u00e9voyance flexibles pour les PME - Swisscanto Flex","isPartOf":{"@id":"https:\/\/www.swisscanto-flex.ch\/fr\/#website"},"primaryImageOfPage":{"@id":"https:\/\/www.swisscanto-flex.ch\/fr\/solutions-de-retraite\/#primaryimage"},"image":{"@id":"https:\/\/www.swisscanto-flex.ch\/fr\/solutions-de-retraite\/#primaryimage"},"thumbnailUrl":"https:\/\/www.swisscanto-flex.ch\/wp-content\/uploads\/2022\/12\/Vorsorgeloesungen_Header.jpg","datePublished":"2022-11-19T08:51:51+00:00","dateModified":"2023-12-21T07:45:20+00:00","description":"Qu'il s'agisse de solutions de pr\u00e9voyance professionnelle standardis\u00e9es ou sur mesure: Swisscanto Flex vous propose la solution qui vous convient.","breadcrumb":{"@id":"https:\/\/www.swisscanto-flex.ch\/fr\/solutions-de-retraite\/#breadcrumb"},"inLanguage":"fr-FR","potentialAction":[{"@type":"ReadAction","target":["https:\/\/www.swisscanto-flex.ch\/fr\/solutions-de-retraite\/"]}]},{"@type":"ImageObject","inLanguage":"fr-FR","@id":"https:\/\/www.swisscanto-flex.ch\/fr\/solutions-de-retraite\/#primaryimage","url":"https:\/\/www.swisscanto-flex.ch\/wp-content\/uploads\/2022\/12\/Vorsorgeloesungen_Header.jpg","contentUrl":"https:\/\/www.swisscanto-flex.ch\/wp-content\/uploads\/2022\/12\/Vorsorgeloesungen_Header.jpg"},{"@type":"BreadcrumbList","@id":"https:\/\/www.swisscanto-flex.ch\/fr\/solutions-de-retraite\/#breadcrumb","itemListElement":[{"@type":"ListItem","position":1,"name":"Home","item":"https:\/\/www.swisscanto-flex.ch\/fr\/"},{"@type":"ListItem","position":2,"name":"Solutions de pr\u00e9voyance"}]},{"@type":"WebSite","@id":"https:\/\/www.swisscanto-flex.ch\/fr\/#website","url":"https:\/\/www.swisscanto-flex.ch\/fr\/","name":"Swisscanto Flex","description":"","publisher":{"@id":"https:\/\/www.swisscanto-flex.ch\/fr\/#organization"},"potentialAction":[{"@type":"SearchAction","target":{"@type":"EntryPoint","urlTemplate":"https:\/\/www.swisscanto-flex.ch\/fr\/?s={search_term_string}"},"query-input":{"@type":"PropertyValueSpecification","valueRequired":true,"valueName":"search_term_string"}}],"inLanguage":"fr-FR"},{"@type":"Organization","@id":"https:\/\/www.swisscanto-flex.ch\/fr\/#organization","name":"Swisscanto Flex","url":"https:\/\/www.swisscanto-flex.ch\/fr\/","logo":{"@type":"ImageObject","inLanguage":"fr-FR","@id":"https:\/\/www.swisscanto-flex.ch\/fr\/#\/schema\/logo\/image\/","url":"https:\/\/www.swisscanto-flex.ch\/wp-content\/uploads\/2025\/08\/SWCstift_Flex_DE_hor_pos_sRGB.png","contentUrl":"https:\/\/www.swisscanto-flex.ch\/wp-content\/uploads\/2025\/08\/SWCstift_Flex_DE_hor_pos_sRGB.png","width":1241,"height":110,"caption":"Swisscanto Flex"},"image":{"@id":"https:\/\/www.swisscanto-flex.ch\/fr\/#\/schema\/logo\/image\/"}}]}},"_links":{"self":[{"href":"https:\/\/www.swisscanto-flex.ch\/fr\/wp-json\/wp\/v2\/pages\/10456","targetHints":{"allow":["GET"]}}],"collection":[{"href":"https:\/\/www.swisscanto-flex.ch\/fr\/wp-json\/wp\/v2\/pages"}],"about":[{"href":"https:\/\/www.swisscanto-flex.ch\/fr\/wp-json\/wp\/v2\/types\/page"}],"author":[{"embeddable":true,"href":"https:\/\/www.swisscanto-flex.ch\/fr\/wp-json\/wp\/v2\/users\/2"}],"replies":[{"embeddable":true,"href":"https:\/\/www.swisscanto-flex.ch\/fr\/wp-json\/wp\/v2\/comments?post=10456"}],"version-history":[{"count":15,"href":"https:\/\/www.swisscanto-flex.ch\/fr\/wp-json\/wp\/v2\/pages\/10456\/revisions"}],"predecessor-version":[{"id":13940,"href":"https:\/\/www.swisscanto-flex.ch\/fr\/wp-json\/wp\/v2\/pages\/10456\/revisions\/13940"}],"wp:attachment":[{"href":"https:\/\/www.swisscanto-flex.ch\/fr\/wp-json\/wp\/v2\/media?parent=10456"}],"curies":[{"name":"wp","href":"https:\/\/api.w.org\/{rel}","templated":true}]}}