{"id":10458,"date":"2022-12-19T10:09:07","date_gmt":"2022-12-19T09:09:07","guid":{"rendered":"https:\/\/www.swisscanto-flex.ch\/solutions-de-retraite\/flex-individuelle\/"},"modified":"2023-12-21T08:55:55","modified_gmt":"2023-12-21T07:55:55","slug":"flex-individuelle","status":"publish","type":"page","link":"https:\/\/www.swisscanto-flex.ch\/fr\/solutions-de-retraite\/flex-individuelle\/","title":{"rendered":"Flex individuelle"},"content":{"rendered":"\t\t<div data-elementor-type=\"wp-page\" data-elementor-id=\"10458\" class=\"elementor elementor-10458 elementor-7740\" data-elementor-settings=\"{&quot;ha_cmc_init_switcher&quot;:&quot;no&quot;}\" data-elementor-post-type=\"page\">\n\t\t\t\t\t\t<section class=\"elementor-section elementor-top-section elementor-element elementor-element-96fca01 elementor-section-boxed elementor-section-height-default elementor-section-height-default\" data-id=\"96fca01\" data-element_type=\"section\" data-settings=\"{&quot;_ha_eqh_enable&quot;:false}\">\n\t\t\t\t\t\t<div class=\"elementor-container elementor-column-gap-default\">\n\t\t\t\t\t<div class=\"elementor-column elementor-col-100 elementor-top-column elementor-element elementor-element-b12f887\" data-id=\"b12f887\" data-element_type=\"column\">\n\t\t\t<div class=\"elementor-widget-wrap elementor-element-populated\">\n\t\t\t\t\t\t<div class=\"elementor-element elementor-element-1c279a7 elementor-widget elementor-widget-heading\" data-id=\"1c279a7\" data-element_type=\"widget\" data-widget_type=\"heading.default\">\n\t\t\t\t<div class=\"elementor-widget-container\">\n\t\t\t\t\t<h1 class=\"elementor-heading-title elementor-size-default\">Flex individuelle<\/h1>\t\t\t\t<\/div>\n\t\t\t\t<\/div>\n\t\t\t\t<div class=\"elementor-element elementor-element-dfd7b8e elementor-widget elementor-widget-text-editor\" data-id=\"dfd7b8e\" data-element_type=\"widget\" data-widget_type=\"text-editor.default\">\n\t\t\t\t<div class=\"elementor-widget-container\">\n\t\t\t\t\t\t\t\t\t<p>Flex individuelle est une solution tr\u00e8s polyvalente adapt\u00e9e \u00e0 votre entreprise avec des plans de pr\u00e9voyance individuels. Chaque plan de pension est g\u00e9r\u00e9 de mani\u00e8re comparable \u00e0 un fonds de pension d&rsquo;entreprise avec un bilan annuel et un compte d&rsquo;exploitation et constitue sa propre r\u00e9serve de fluctuation de valeur. Avec Flex individuelle, chaque entreprise re\u00e7oit son propre degr\u00e9 de couverture sp\u00e9cifique.<\/p>\n\t\t\t\t\t\t\t\t<\/div>\n\t\t\t\t<\/div>\n\t\t\t\t\t<\/div>\n\t\t<\/div>\n\t\t\t\t\t<\/div>\n\t\t<\/section>\n\t\t\t\t<section class=\"elementor-section elementor-top-section elementor-element elementor-element-2ed746f elementor-section-boxed elementor-section-height-default elementor-section-height-default\" data-id=\"2ed746f\" data-element_type=\"section\" data-settings=\"{&quot;_ha_eqh_enable&quot;:false}\">\n\t\t\t\t\t\t<div class=\"elementor-container elementor-column-gap-no\">\n\t\t\t\t\t<div class=\"elementor-column elementor-col-100 elementor-top-column elementor-element elementor-element-42d5f7c\" data-id=\"42d5f7c\" data-element_type=\"column\">\n\t\t\t<div class=\"elementor-widget-wrap elementor-element-populated\">\n\t\t\t\t\t\t<div class=\"elementor-element elementor-element-3a1204a elementor-widget elementor-widget-image\" data-id=\"3a1204a\" data-element_type=\"widget\" data-widget_type=\"image.default\">\n\t\t\t\t<div class=\"elementor-widget-container\">\n\t\t\t\t\t\t\t\t\t\t\t\t\t\t\t<img fetchpriority=\"high\" decoding=\"async\" width=\"800\" height=\"400\" src=\"https:\/\/www.swisscanto-flex.ch\/wp-content\/uploads\/2023\/02\/Flex-individuell_Header.jpg\" class=\"attachment-large size-large wp-image-11882\" alt=\"\" srcset=\"https:\/\/www.swisscanto-flex.ch\/wp-content\/uploads\/2023\/02\/Flex-individuell_Header.jpg 1920w, https:\/\/www.swisscanto-flex.ch\/wp-content\/uploads\/2023\/02\/Flex-individuell_Header-300x150.jpg 300w, https:\/\/www.swisscanto-flex.ch\/wp-content\/uploads\/2023\/02\/Flex-individuell_Header-768x384.jpg 768w, https:\/\/www.swisscanto-flex.ch\/wp-content\/uploads\/2023\/02\/Flex-individuell_Header-1536x768.jpg 1536w\" sizes=\"(max-width: 800px) 100vw, 800px\" \/>\t\t\t\t\t\t\t\t\t\t\t\t\t\t\t<\/div>\n\t\t\t\t<\/div>\n\t\t\t\t\t<\/div>\n\t\t<\/div>\n\t\t\t\t\t<\/div>\n\t\t<\/section>\n\t\t\t\t<section class=\"elementor-section elementor-top-section elementor-element elementor-element-5efb7ab elementor-section-boxed elementor-section-height-default elementor-section-height-default\" data-id=\"5efb7ab\" data-element_type=\"section\" data-settings=\"{&quot;_ha_eqh_enable&quot;:false}\">\n\t\t\t\t\t\t<div class=\"elementor-container elementor-column-gap-default\">\n\t\t\t\t\t<div class=\"elementor-column elementor-col-100 elementor-top-column elementor-element elementor-element-8b59fbd\" data-id=\"8b59fbd\" data-element_type=\"column\">\n\t\t\t<div class=\"elementor-widget-wrap elementor-element-populated\">\n\t\t\t\t\t\t<div class=\"elementor-element elementor-element-ec55dc0 elementor-widget elementor-widget-heading\" data-id=\"ec55dc0\" data-element_type=\"widget\" data-widget_type=\"heading.default\">\n\t\t\t\t<div class=\"elementor-widget-container\">\n\t\t\t\t\t<h2 class=\"elementor-heading-title elementor-size-default\">Pools d'investissement<\/h2>\t\t\t\t<\/div>\n\t\t\t\t<\/div>\n\t\t\t\t<div class=\"elementor-element elementor-element-086dfdb elementor-widget elementor-widget-text-editor\" data-id=\"086dfdb\" data-element_type=\"widget\" data-widget_type=\"text-editor.default\">\n\t\t\t\t<div class=\"elementor-widget-container\">\n\t\t\t\t\t\t\t\t\t<p>Le Conseil de fondation fixe le taux d&rsquo;int\u00e9r\u00eat de l&rsquo;avoir d&rsquo;\u00e9pargne individuel en tenant compte de la situation financi\u00e8re de la caisse de pension. Avec cette solution, la totalit\u00e9 du capital de pr\u00e9voyance est investie dans l&rsquo;un des trois pools de placement &#8211; Flex 25, Flex 35 ou Flex 45.<\/p>\n\t\t\t\t\t\t\t\t<\/div>\n\t\t\t\t<\/div>\n\t\t\t\t<div class=\"elementor-element elementor-element-259bf44 elementor-widget elementor-widget-heading\" data-id=\"259bf44\" data-element_type=\"widget\" data-widget_type=\"heading.default\">\n\t\t\t\t<div class=\"elementor-widget-container\">\n\t\t\t\t\t<h2 class=\"elementor-heading-title elementor-size-default\">Vos avantages<\/h2>\t\t\t\t<\/div>\n\t\t\t\t<\/div>\n\t\t\t\t<div class=\"elementor-element elementor-element-ffff3cd elementor-widget elementor-widget-text-editor\" data-id=\"ffff3cd\" data-element_type=\"widget\" data-widget_type=\"text-editor.default\">\n\t\t\t\t<div class=\"elementor-widget-container\">\n\t\t\t\t\t\t\t\t\t<ul>\n<li>Solution pour les entreprises de 10 assur\u00e9s ou plus<\/li>\n<li>Niveau de couverture individuelle<\/li>\n<li>Diff\u00e9rents pools d&rsquo;investissement avec diff\u00e9rentes parts<\/li>\n<li>Propre r\u00e9serve de fluctuation<\/li>\n<li>Bilan et compte d&rsquo;exploitation propres<\/li>\n<li>Le taux d&rsquo;int\u00e9r\u00eat des avoirs de vieillesse est d\u00e9fini par la Commission des pensions<\/li>\n<\/ul>\n\t\t\t\t\t\t\t\t<\/div>\n\t\t\t\t<\/div>\n\t\t\t\t<section class=\"elementor-section elementor-inner-section elementor-element elementor-element-40e7526 elementor-section-boxed elementor-section-height-default elementor-section-height-default\" data-id=\"40e7526\" data-element_type=\"section\" data-settings=\"{&quot;background_background&quot;:&quot;classic&quot;,&quot;_ha_eqh_enable&quot;:false}\">\n\t\t\t\t\t\t<div class=\"elementor-container elementor-column-gap-default\">\n\t\t\t\t\t<div class=\"elementor-column elementor-col-100 elementor-inner-column elementor-element elementor-element-87299e6\" data-id=\"87299e6\" data-element_type=\"column\">\n\t\t\t<div class=\"elementor-widget-wrap elementor-element-populated\">\n\t\t\t\t\t\t<div class=\"elementor-element elementor-element-4548bcd elementor-widget elementor-widget-heading\" data-id=\"4548bcd\" data-element_type=\"widget\" data-widget_type=\"heading.default\">\n\t\t\t\t<div class=\"elementor-widget-container\">\n\t\t\t\t\t<h3 class=\"elementor-heading-title elementor-size-default\">Solutions de retraite<\/h3>\t\t\t\t<\/div>\n\t\t\t\t<\/div>\n\t\t\t\t<div class=\"elementor-element elementor-element-9d5348f elementor-widget elementor-widget-button\" data-id=\"9d5348f\" data-element_type=\"widget\" data-widget_type=\"button.default\">\n\t\t\t\t<div class=\"elementor-widget-container\">\n\t\t\t\t\t\t\t\t\t<div class=\"elementor-button-wrapper\">\n\t\t\t\t\t<a class=\"elementor-button elementor-button-link elementor-size-sm\" href=\"https:\/\/www.swisscanto-flex.ch\/fr\/solutions-de-retraite\/\" target=\"_blank\">\n\t\t\t\t\t\t<span class=\"elementor-button-content-wrapper\">\n\t\t\t\t\t\t<span class=\"elementor-button-icon\">\n\t\t\t\t<i aria-hidden=\"true\" class=\"icon icon-sc-arrow3-right\"><\/i>\t\t\t<\/span>\n\t\t\t\t\t\t\t\t\t<span class=\"elementor-button-text\">Concept<\/span>\n\t\t\t\t\t<\/span>\n\t\t\t\t\t<\/a>\n\t\t\t\t<\/div>\n\t\t\t\t\t\t\t\t<\/div>\n\t\t\t\t<\/div>\n\t\t\t\t<div class=\"elementor-element elementor-element-39c00a8 elementor-widget elementor-widget-button\" data-id=\"39c00a8\" data-element_type=\"widget\" data-widget_type=\"button.default\">\n\t\t\t\t<div class=\"elementor-widget-container\">\n\t\t\t\t\t\t\t\t\t<div class=\"elementor-button-wrapper\">\n\t\t\t\t\t<a class=\"elementor-button elementor-button-link elementor-size-sm\" href=\"https:\/\/www.swisscanto-flex.ch\/fr\/solutions-de-retraite\/flex-collective\/\" target=\"_blank\">\n\t\t\t\t\t\t<span class=\"elementor-button-content-wrapper\">\n\t\t\t\t\t\t<span class=\"elementor-button-icon\">\n\t\t\t\t<i aria-hidden=\"true\" class=\"icon icon-sc-arrow3-right\"><\/i>\t\t\t<\/span>\n\t\t\t\t\t\t\t\t\t<span class=\"elementor-button-text\">Flex collective<\/span>\n\t\t\t\t\t<\/span>\n\t\t\t\t\t<\/a>\n\t\t\t\t<\/div>\n\t\t\t\t\t\t\t\t<\/div>\n\t\t\t\t<\/div>\n\t\t\t\t<div class=\"elementor-element elementor-element-e99a2f0 elementor-widget elementor-widget-button\" data-id=\"e99a2f0\" data-element_type=\"widget\" data-widget_type=\"button.default\">\n\t\t\t\t<div class=\"elementor-widget-container\">\n\t\t\t\t\t\t\t\t\t<div class=\"elementor-button-wrapper\">\n\t\t\t\t\t<a class=\"elementor-button elementor-button-link elementor-size-sm\" href=\"https:\/\/www.swisscanto-flex.ch\/fr\/solutions-de-retraite\/institution-de-prevoyance-rentiers-fr\/\" target=\"_blank\">\n\t\t\t\t\t\t<span class=\"elementor-button-content-wrapper\">\n\t\t\t\t\t\t<span class=\"elementor-button-icon\">\n\t\t\t\t<i aria-hidden=\"true\" class=\"icon icon-sc-arrow3-right\"><\/i>\t\t\t<\/span>\n\t\t\t\t\t\t\t\t\t<span class=\"elementor-button-text\">Caisse de pr\u00e9voyance pour les pensionn\u00e9s<\/span>\n\t\t\t\t\t<\/span>\n\t\t\t\t\t<\/a>\n\t\t\t\t<\/div>\n\t\t\t\t\t\t\t\t<\/div>\n\t\t\t\t<\/div>\n\t\t\t\t\t<\/div>\n\t\t<\/div>\n\t\t\t\t\t<\/div>\n\t\t<\/section>\n\t\t\t\t\t<\/div>\n\t\t<\/div>\n\t\t\t\t\t<\/div>\n\t\t<\/section>\n\t\t\t\t<section class=\"elementor-section elementor-top-section elementor-element elementor-element-abf0216 elementor-section-boxed elementor-section-height-default elementor-section-height-default\" data-id=\"abf0216\" data-element_type=\"section\" data-settings=\"{&quot;_ha_eqh_enable&quot;:false}\">\n\t\t\t\t\t\t<div class=\"elementor-container elementor-column-gap-no\">\n\t\t\t\t\t<div class=\"elementor-column elementor-col-100 elementor-top-column elementor-element elementor-element-9bd3135\" data-id=\"9bd3135\" data-element_type=\"column\">\n\t\t\t<div class=\"elementor-widget-wrap elementor-element-populated\">\n\t\t\t\t\t\t<div class=\"elementor-element elementor-element-9d6e895 elementor-widget elementor-widget-template\" data-id=\"9d6e895\" data-element_type=\"widget\" data-widget_type=\"template.default\">\n\t\t\t\t<div class=\"elementor-widget-container\">\n\t\t\t\t\t\t\t<div class=\"elementor-template\">\n\t\t\t\t\t<div data-elementor-type=\"section\" data-elementor-id=\"13298\" class=\"elementor elementor-13298 elementor-13291\" data-elementor-settings=\"{&quot;ha_cmc_init_switcher&quot;:&quot;no&quot;}\" data-elementor-post-type=\"elementor_library\">\n\t\t\t\t\t<section class=\"elementor-section elementor-top-section elementor-element elementor-element-1b1d368f red-teaser elementor-section-boxed elementor-section-height-default elementor-section-height-default\" data-id=\"1b1d368f\" data-element_type=\"section\" data-settings=\"{&quot;_ha_eqh_enable&quot;:false}\">\n\t\t\t\t\t\t<div class=\"elementor-container elementor-column-gap-no\">\n\t\t\t\t\t<div class=\"elementor-column elementor-col-100 elementor-top-column elementor-element elementor-element-337faa32\" data-id=\"337faa32\" data-element_type=\"column\">\n\t\t\t<div class=\"elementor-widget-wrap elementor-element-populated\">\n\t\t\t\t\t\t<div class=\"elementor-element elementor-element-2bc65107 elementor-widget elementor-widget-ucaddon_contact_box\" data-id=\"2bc65107\" data-element_type=\"widget\" data-widget_type=\"ucaddon_contact_box.default\">\n\t\t\t\t<div class=\"elementor-widget-container\">\n\t\t\t\t\t\n<!-- start Contact Box -->\n<style>\/* widget: Contact Box *\/\n\n.sc-contact-box {\n  background-color: #080F5E;\n  color: white;\n  padding: 78px;\n  position: relative;\n}\n.sc-contact-box .sc-headline h2 {\n  color: white;\n  font-weight: bold;\n}\n.sc-contact-box:hover .sc-headline h2 {\n  color: var(--e-global-color-text);\n}\n.sc-contact-box .sc-text {\n  margin-bottom: 60px;\n}\n.sc-contact-box .sc-contact-box-wrapper-link {\n  position: absolute;\n  top: 0;\n  left: 0;\n  right: 0;\n  bottom: 0;\n}\n.sc-contact-box .elementor-button-wrapper {\n  position: relative;\n}\n.sc-contact-box .elementor-button-wrapper .elementor-button {\n  color: white;\n  border-color: white;\n  text-decoration: none;\n}\n.sc-contact-box .elementor-button-wrapper .elementor-button:hover {\n  color: #BFE8FC;\n  border-color: #BFE8FC;\n}\n\n<\/style>\n\n<div id=\"uc_contact_box_elementor_2bc65107\" class=\"sc-contact-box\">\n  <div class=\"sc-headline\">\n    <h2>Contactez-nous<\/h2>\n  <\/div>\n  <div class=\"sc-text\">\n    <p>Vous avez des questions sur notre organisation ? Nous sommes heureux d\u2019y r\u00e9pondre<\/p>\n\n  <\/div>\n  <a href=\"https:\/\/www.swisscanto-flex.ch\/fr\/contact\/\" class=\"sc-contact-box-wrapper-link\">&nbsp;<\/a>\n  <div class=\"elementor-button-wrapper\">\n    <a class=\"elementor-button elementor-button-link elementor-size-sm\" href=\"https:\/\/www.swisscanto-flex.ch\/fr\/contact\/\">\n      <span class=\"elementor-button-content-wrapper\">\n        <span class=\"elementor-button-text\">Contact<\/span>\n      <\/span>\n    <\/a>\n  <\/div>\n<\/div>\n<!-- end Contact Box -->\t\t\t\t<\/div>\n\t\t\t\t<\/div>\n\t\t\t\t\t<\/div>\n\t\t<\/div>\n\t\t\t\t\t<\/div>\n\t\t<\/section>\n\t\t\t\t<\/div>\n\t\t\t\t<\/div>\n\t\t\t\t\t\t<\/div>\n\t\t\t\t<\/div>\n\t\t\t\t\t<\/div>\n\t\t<\/div>\n\t\t\t\t\t<\/div>\n\t\t<\/section>\n\t\t\t\t<\/div>\n\t\t","protected":false},"excerpt":{"rendered":"<p>Flex individuelle Flex individuelle est une solution tr\u00e8s polyvalente adapt\u00e9e \u00e0 votre entreprise avec des plans de pr\u00e9voyance individuels. Chaque plan de pension est g\u00e9r\u00e9 de mani\u00e8re comparable \u00e0 un fonds de pension d&rsquo;entreprise avec un bilan annuel et un compte d&rsquo;exploitation et constitue sa propre r\u00e9serve de fluctuation de valeur. Avec Flex individuelle, chaque [&hellip;]<\/p>\n","protected":false},"author":2,"featured_media":0,"parent":10456,"menu_order":30,"comment_status":"closed","ping_status":"closed","template":"","meta":{"_acf_changed":false,"footnotes":""},"class_list":["post-10458","page","type-page","status-publish","hentry"],"acf":[],"yoast_head":"<!-- This site is optimized with the Yoast SEO plugin v26.1.1 - https:\/\/yoast.com\/wordpress\/plugins\/seo\/ -->\n<title>Flex individual : pr\u00e9voyance professionnelle sur mesure<\/title>\n<meta name=\"description\" content=\"D\u00e9couvrez ici les 6 avantages dont vous b\u00e9n\u00e9ficiez en tant que client Flex individuelle.\" \/>\n<meta name=\"robots\" content=\"index, follow, max-snippet:-1, max-image-preview:large, max-video-preview:-1\" \/>\n<link rel=\"canonical\" href=\"https:\/\/www.swisscanto-flex.ch\/fr\/solutions-de-retraite\/flex-individuelle\/\" \/>\n<meta property=\"og:locale\" content=\"fr_FR\" \/>\n<meta property=\"og:type\" content=\"article\" \/>\n<meta property=\"og:title\" content=\"Flex individual : pr\u00e9voyance professionnelle sur mesure\" \/>\n<meta property=\"og:description\" content=\"D\u00e9couvrez ici les 6 avantages dont vous b\u00e9n\u00e9ficiez en tant que client Flex individuelle.\" \/>\n<meta property=\"og:url\" content=\"https:\/\/www.swisscanto-flex.ch\/fr\/solutions-de-retraite\/flex-individuelle\/\" \/>\n<meta property=\"og:site_name\" content=\"Swisscanto Flex\" \/>\n<meta property=\"article:modified_time\" content=\"2023-12-21T07:55:55+00:00\" \/>\n<meta property=\"og:image\" content=\"https:\/\/www.swisscanto-flex.ch\/wp-content\/uploads\/2023\/02\/Flex-individuell_Header.jpg\" \/>\n<meta name=\"twitter:card\" content=\"summary_large_image\" \/>\n<meta name=\"twitter:label1\" content=\"Dur\u00e9e de lecture estim\u00e9e\" \/>\n\t<meta name=\"twitter:data1\" content=\"1 minute\" \/>\n<script type=\"application\/ld+json\" class=\"yoast-schema-graph\">{\"@context\":\"https:\/\/schema.org\",\"@graph\":[{\"@type\":\"WebPage\",\"@id\":\"https:\/\/www.swisscanto-flex.ch\/fr\/solutions-de-retraite\/flex-individuelle\/\",\"url\":\"https:\/\/www.swisscanto-flex.ch\/fr\/solutions-de-retraite\/flex-individuelle\/\",\"name\":\"Flex individual : pr\u00e9voyance professionnelle sur mesure\",\"isPartOf\":{\"@id\":\"https:\/\/www.swisscanto-flex.ch\/fr\/#website\"},\"primaryImageOfPage\":{\"@id\":\"https:\/\/www.swisscanto-flex.ch\/fr\/solutions-de-retraite\/flex-individuelle\/#primaryimage\"},\"image\":{\"@id\":\"https:\/\/www.swisscanto-flex.ch\/fr\/solutions-de-retraite\/flex-individuelle\/#primaryimage\"},\"thumbnailUrl\":\"https:\/\/www.swisscanto-flex.ch\/wp-content\/uploads\/2023\/02\/Flex-individuell_Header.jpg\",\"datePublished\":\"2022-12-19T09:09:07+00:00\",\"dateModified\":\"2023-12-21T07:55:55+00:00\",\"description\":\"D\u00e9couvrez ici les 6 avantages dont vous b\u00e9n\u00e9ficiez en tant que client Flex individuelle.\",\"breadcrumb\":{\"@id\":\"https:\/\/www.swisscanto-flex.ch\/fr\/solutions-de-retraite\/flex-individuelle\/#breadcrumb\"},\"inLanguage\":\"fr-FR\",\"potentialAction\":[{\"@type\":\"ReadAction\",\"target\":[\"https:\/\/www.swisscanto-flex.ch\/fr\/solutions-de-retraite\/flex-individuelle\/\"]}]},{\"@type\":\"ImageObject\",\"inLanguage\":\"fr-FR\",\"@id\":\"https:\/\/www.swisscanto-flex.ch\/fr\/solutions-de-retraite\/flex-individuelle\/#primaryimage\",\"url\":\"https:\/\/www.swisscanto-flex.ch\/wp-content\/uploads\/2023\/02\/Flex-individuell_Header.jpg\",\"contentUrl\":\"https:\/\/www.swisscanto-flex.ch\/wp-content\/uploads\/2023\/02\/Flex-individuell_Header.jpg\"},{\"@type\":\"BreadcrumbList\",\"@id\":\"https:\/\/www.swisscanto-flex.ch\/fr\/solutions-de-retraite\/flex-individuelle\/#breadcrumb\",\"itemListElement\":[{\"@type\":\"ListItem\",\"position\":1,\"name\":\"Home\",\"item\":\"https:\/\/www.swisscanto-flex.ch\/fr\/\"},{\"@type\":\"ListItem\",\"position\":2,\"name\":\"Solutions de pr\u00e9voyance\",\"item\":\"https:\/\/www.swisscanto-flex.ch\/fr\/vorsorgeloesungen\/\"},{\"@type\":\"ListItem\",\"position\":3,\"name\":\"Flex individuelle\"}]},{\"@type\":\"WebSite\",\"@id\":\"https:\/\/www.swisscanto-flex.ch\/fr\/#website\",\"url\":\"https:\/\/www.swisscanto-flex.ch\/fr\/\",\"name\":\"Swisscanto Flex\",\"description\":\"\",\"publisher\":{\"@id\":\"https:\/\/www.swisscanto-flex.ch\/fr\/#organization\"},\"potentialAction\":[{\"@type\":\"SearchAction\",\"target\":{\"@type\":\"EntryPoint\",\"urlTemplate\":\"https:\/\/www.swisscanto-flex.ch\/fr\/?s={search_term_string}\"},\"query-input\":{\"@type\":\"PropertyValueSpecification\",\"valueRequired\":true,\"valueName\":\"search_term_string\"}}],\"inLanguage\":\"fr-FR\"},{\"@type\":\"Organization\",\"@id\":\"https:\/\/www.swisscanto-flex.ch\/fr\/#organization\",\"name\":\"Swisscanto Flex\",\"url\":\"https:\/\/www.swisscanto-flex.ch\/fr\/\",\"logo\":{\"@type\":\"ImageObject\",\"inLanguage\":\"fr-FR\",\"@id\":\"https:\/\/www.swisscanto-flex.ch\/fr\/#\/schema\/logo\/image\/\",\"url\":\"https:\/\/www.swisscanto-flex.ch\/wp-content\/uploads\/2025\/08\/SWCstift_Flex_DE_hor_pos_sRGB.png\",\"contentUrl\":\"https:\/\/www.swisscanto-flex.ch\/wp-content\/uploads\/2025\/08\/SWCstift_Flex_DE_hor_pos_sRGB.png\",\"width\":1241,\"height\":110,\"caption\":\"Swisscanto Flex\"},\"image\":{\"@id\":\"https:\/\/www.swisscanto-flex.ch\/fr\/#\/schema\/logo\/image\/\"}}]}<\/script>\n<!-- \/ Yoast SEO plugin. -->","yoast_head_json":{"title":"Flex individual : pr\u00e9voyance professionnelle sur mesure","description":"D\u00e9couvrez ici les 6 avantages dont vous b\u00e9n\u00e9ficiez en tant que client Flex individuelle.","robots":{"index":"index","follow":"follow","max-snippet":"max-snippet:-1","max-image-preview":"max-image-preview:large","max-video-preview":"max-video-preview:-1"},"canonical":"https:\/\/www.swisscanto-flex.ch\/fr\/solutions-de-retraite\/flex-individuelle\/","og_locale":"fr_FR","og_type":"article","og_title":"Flex individual : pr\u00e9voyance professionnelle sur mesure","og_description":"D\u00e9couvrez ici les 6 avantages dont vous b\u00e9n\u00e9ficiez en tant que client Flex individuelle.","og_url":"https:\/\/www.swisscanto-flex.ch\/fr\/solutions-de-retraite\/flex-individuelle\/","og_site_name":"Swisscanto Flex","article_modified_time":"2023-12-21T07:55:55+00:00","og_image":[{"url":"https:\/\/www.swisscanto-flex.ch\/wp-content\/uploads\/2023\/02\/Flex-individuell_Header.jpg","type":"","width":"","height":""}],"twitter_card":"summary_large_image","twitter_misc":{"Dur\u00e9e de lecture estim\u00e9e":"1 minute"},"schema":{"@context":"https:\/\/schema.org","@graph":[{"@type":"WebPage","@id":"https:\/\/www.swisscanto-flex.ch\/fr\/solutions-de-retraite\/flex-individuelle\/","url":"https:\/\/www.swisscanto-flex.ch\/fr\/solutions-de-retraite\/flex-individuelle\/","name":"Flex individual : pr\u00e9voyance professionnelle sur mesure","isPartOf":{"@id":"https:\/\/www.swisscanto-flex.ch\/fr\/#website"},"primaryImageOfPage":{"@id":"https:\/\/www.swisscanto-flex.ch\/fr\/solutions-de-retraite\/flex-individuelle\/#primaryimage"},"image":{"@id":"https:\/\/www.swisscanto-flex.ch\/fr\/solutions-de-retraite\/flex-individuelle\/#primaryimage"},"thumbnailUrl":"https:\/\/www.swisscanto-flex.ch\/wp-content\/uploads\/2023\/02\/Flex-individuell_Header.jpg","datePublished":"2022-12-19T09:09:07+00:00","dateModified":"2023-12-21T07:55:55+00:00","description":"D\u00e9couvrez ici les 6 avantages dont vous b\u00e9n\u00e9ficiez en tant que client Flex individuelle.","breadcrumb":{"@id":"https:\/\/www.swisscanto-flex.ch\/fr\/solutions-de-retraite\/flex-individuelle\/#breadcrumb"},"inLanguage":"fr-FR","potentialAction":[{"@type":"ReadAction","target":["https:\/\/www.swisscanto-flex.ch\/fr\/solutions-de-retraite\/flex-individuelle\/"]}]},{"@type":"ImageObject","inLanguage":"fr-FR","@id":"https:\/\/www.swisscanto-flex.ch\/fr\/solutions-de-retraite\/flex-individuelle\/#primaryimage","url":"https:\/\/www.swisscanto-flex.ch\/wp-content\/uploads\/2023\/02\/Flex-individuell_Header.jpg","contentUrl":"https:\/\/www.swisscanto-flex.ch\/wp-content\/uploads\/2023\/02\/Flex-individuell_Header.jpg"},{"@type":"BreadcrumbList","@id":"https:\/\/www.swisscanto-flex.ch\/fr\/solutions-de-retraite\/flex-individuelle\/#breadcrumb","itemListElement":[{"@type":"ListItem","position":1,"name":"Home","item":"https:\/\/www.swisscanto-flex.ch\/fr\/"},{"@type":"ListItem","position":2,"name":"Solutions de pr\u00e9voyance","item":"https:\/\/www.swisscanto-flex.ch\/fr\/vorsorgeloesungen\/"},{"@type":"ListItem","position":3,"name":"Flex individuelle"}]},{"@type":"WebSite","@id":"https:\/\/www.swisscanto-flex.ch\/fr\/#website","url":"https:\/\/www.swisscanto-flex.ch\/fr\/","name":"Swisscanto Flex","description":"","publisher":{"@id":"https:\/\/www.swisscanto-flex.ch\/fr\/#organization"},"potentialAction":[{"@type":"SearchAction","target":{"@type":"EntryPoint","urlTemplate":"https:\/\/www.swisscanto-flex.ch\/fr\/?s={search_term_string}"},"query-input":{"@type":"PropertyValueSpecification","valueRequired":true,"valueName":"search_term_string"}}],"inLanguage":"fr-FR"},{"@type":"Organization","@id":"https:\/\/www.swisscanto-flex.ch\/fr\/#organization","name":"Swisscanto Flex","url":"https:\/\/www.swisscanto-flex.ch\/fr\/","logo":{"@type":"ImageObject","inLanguage":"fr-FR","@id":"https:\/\/www.swisscanto-flex.ch\/fr\/#\/schema\/logo\/image\/","url":"https:\/\/www.swisscanto-flex.ch\/wp-content\/uploads\/2025\/08\/SWCstift_Flex_DE_hor_pos_sRGB.png","contentUrl":"https:\/\/www.swisscanto-flex.ch\/wp-content\/uploads\/2025\/08\/SWCstift_Flex_DE_hor_pos_sRGB.png","width":1241,"height":110,"caption":"Swisscanto Flex"},"image":{"@id":"https:\/\/www.swisscanto-flex.ch\/fr\/#\/schema\/logo\/image\/"}}]}},"_links":{"self":[{"href":"https:\/\/www.swisscanto-flex.ch\/fr\/wp-json\/wp\/v2\/pages\/10458","targetHints":{"allow":["GET"]}}],"collection":[{"href":"https:\/\/www.swisscanto-flex.ch\/fr\/wp-json\/wp\/v2\/pages"}],"about":[{"href":"https:\/\/www.swisscanto-flex.ch\/fr\/wp-json\/wp\/v2\/types\/page"}],"author":[{"embeddable":true,"href":"https:\/\/www.swisscanto-flex.ch\/fr\/wp-json\/wp\/v2\/users\/2"}],"replies":[{"embeddable":true,"href":"https:\/\/www.swisscanto-flex.ch\/fr\/wp-json\/wp\/v2\/comments?post=10458"}],"version-history":[{"count":8,"href":"https:\/\/www.swisscanto-flex.ch\/fr\/wp-json\/wp\/v2\/pages\/10458\/revisions"}],"predecessor-version":[{"id":13953,"href":"https:\/\/www.swisscanto-flex.ch\/fr\/wp-json\/wp\/v2\/pages\/10458\/revisions\/13953"}],"up":[{"embeddable":true,"href":"https:\/\/www.swisscanto-flex.ch\/fr\/wp-json\/wp\/v2\/pages\/10456"}],"wp:attachment":[{"href":"https:\/\/www.swisscanto-flex.ch\/fr\/wp-json\/wp\/v2\/media?parent=10458"}],"curies":[{"name":"wp","href":"https:\/\/api.w.org\/{rel}","templated":true}]}}