{"id":10713,"date":"2022-12-19T10:09:26","date_gmt":"2022-12-19T09:09:26","guid":{"rendered":"https:\/\/www.swisscanto-flex.ch\/solutions-de-retraite\/institution-de-prevoyance-rentiers-fr\/"},"modified":"2023-08-08T21:59:15","modified_gmt":"2023-08-08T19:59:15","slug":"institution-de-prevoyance-rentiers-fr","status":"publish","type":"page","link":"https:\/\/www.swisscanto-flex.ch\/fr\/solutions-de-retraite\/institution-de-prevoyance-rentiers-fr\/","title":{"rendered":"Institution de pr\u00e9voyance rentiers"},"content":{"rendered":"\t\t<div data-elementor-type=\"wp-page\" data-elementor-id=\"10713\" class=\"elementor elementor-10713 elementor-7742\" data-elementor-settings=\"{&quot;ha_cmc_init_switcher&quot;:&quot;no&quot;}\" data-elementor-post-type=\"page\">\n\t\t\t\t\t\t<section class=\"elementor-section elementor-top-section elementor-element elementor-element-3d1a7ff elementor-section-boxed elementor-section-height-default elementor-section-height-default\" data-id=\"3d1a7ff\" data-element_type=\"section\" data-settings=\"{&quot;_ha_eqh_enable&quot;:false}\">\n\t\t\t\t\t\t<div class=\"elementor-container elementor-column-gap-default\">\n\t\t\t\t\t<div class=\"elementor-column elementor-col-100 elementor-top-column elementor-element elementor-element-adedae9\" data-id=\"adedae9\" data-element_type=\"column\">\n\t\t\t<div class=\"elementor-widget-wrap elementor-element-populated\">\n\t\t\t\t\t\t<div class=\"elementor-element elementor-element-21c2816 elementor-widget elementor-widget-heading\" data-id=\"21c2816\" data-element_type=\"widget\" data-widget_type=\"heading.default\">\n\t\t\t\t<div class=\"elementor-widget-container\">\n\t\t\t\t\t<h1 class=\"elementor-heading-title elementor-size-default\">Institution de pr\u00e9voyance rentiers<\/h1>\t\t\t\t<\/div>\n\t\t\t\t<\/div>\n\t\t\t\t<div class=\"elementor-element elementor-element-a15f2c5 elementor-widget elementor-widget-text-editor\" data-id=\"a15f2c5\" data-element_type=\"widget\" data-widget_type=\"text-editor.default\">\n\t\t\t\t<div class=\"elementor-widget-container\">\n\t\t\t\t\t\t\t\t\t<p>La fondation collective g\u00e8re un plan de pr\u00e9voyance s\u00e9par\u00e9 pour les assur\u00e9s actifs d&rsquo;un employeur affili\u00e9. Les retrait\u00e9s sont g\u00e9r\u00e9s dans le fonds de pension externalis\u00e9.<\/p>\n\t\t\t\t\t\t\t\t<\/div>\n\t\t\t\t<\/div>\n\t\t\t\t\t<\/div>\n\t\t<\/div>\n\t\t\t\t\t<\/div>\n\t\t<\/section>\n\t\t\t\t<section class=\"elementor-section elementor-top-section elementor-element elementor-element-6b05742 elementor-section-boxed elementor-section-height-default elementor-section-height-default\" data-id=\"6b05742\" data-element_type=\"section\" data-settings=\"{&quot;_ha_eqh_enable&quot;:false}\">\n\t\t\t\t\t\t<div class=\"elementor-container elementor-column-gap-no\">\n\t\t\t\t\t<div class=\"elementor-column elementor-col-100 elementor-top-column elementor-element elementor-element-6c7aa3b\" data-id=\"6c7aa3b\" data-element_type=\"column\">\n\t\t\t<div class=\"elementor-widget-wrap elementor-element-populated\">\n\t\t\t\t\t\t<div class=\"elementor-element elementor-element-8584250 elementor-widget elementor-widget-image\" data-id=\"8584250\" data-element_type=\"widget\" data-widget_type=\"image.default\">\n\t\t\t\t<div class=\"elementor-widget-container\">\n\t\t\t\t\t\t\t\t\t\t\t\t\t\t\t<img fetchpriority=\"high\" decoding=\"async\" width=\"800\" height=\"400\" src=\"https:\/\/www.swisscanto-flex.ch\/wp-content\/uploads\/2023\/02\/Vorsorgewerk-Rentner_Header.jpg\" class=\"attachment-large size-large wp-image-11888\" alt=\"\" srcset=\"https:\/\/www.swisscanto-flex.ch\/wp-content\/uploads\/2023\/02\/Vorsorgewerk-Rentner_Header.jpg 1920w, https:\/\/www.swisscanto-flex.ch\/wp-content\/uploads\/2023\/02\/Vorsorgewerk-Rentner_Header-300x150.jpg 300w, https:\/\/www.swisscanto-flex.ch\/wp-content\/uploads\/2023\/02\/Vorsorgewerk-Rentner_Header-768x384.jpg 768w, https:\/\/www.swisscanto-flex.ch\/wp-content\/uploads\/2023\/02\/Vorsorgewerk-Rentner_Header-1536x768.jpg 1536w\" sizes=\"(max-width: 800px) 100vw, 800px\" \/>\t\t\t\t\t\t\t\t\t\t\t\t\t\t\t<\/div>\n\t\t\t\t<\/div>\n\t\t\t\t\t<\/div>\n\t\t<\/div>\n\t\t\t\t\t<\/div>\n\t\t<\/section>\n\t\t\t\t<section class=\"elementor-section elementor-top-section elementor-element elementor-element-9b6a1de elementor-section-boxed elementor-section-height-default elementor-section-height-default\" data-id=\"9b6a1de\" data-element_type=\"section\" data-settings=\"{&quot;_ha_eqh_enable&quot;:false}\">\n\t\t\t\t\t\t<div class=\"elementor-container elementor-column-gap-default\">\n\t\t\t\t\t<div class=\"elementor-column elementor-col-100 elementor-top-column elementor-element elementor-element-7ebd761\" data-id=\"7ebd761\" data-element_type=\"column\">\n\t\t\t<div class=\"elementor-widget-wrap elementor-element-populated\">\n\t\t\t\t\t\t<div class=\"elementor-element elementor-element-ef030eb elementor-widget elementor-widget-heading\" data-id=\"ef030eb\" data-element_type=\"widget\" data-widget_type=\"heading.default\">\n\t\t\t\t<div class=\"elementor-widget-container\">\n\t\t\t\t\t<h2 class=\"elementor-heading-title elementor-size-default\">Vos avantages<\/h2>\t\t\t\t<\/div>\n\t\t\t\t<\/div>\n\t\t\t\t<div class=\"elementor-element elementor-element-b8ac652 elementor-widget elementor-widget-text-editor\" data-id=\"b8ac652\" data-element_type=\"widget\" data-widget_type=\"text-editor.default\">\n\t\t\t\t<div class=\"elementor-widget-container\">\n\t\t\t\t\t\t\t\t\t<ul style=\"font-weight: 400;\">\n<li>Un taux de couverture individualis\u00e9, avec un m\u00e9canisme de solidarit\u00e9 entre les diff\u00e9rentes \u0153uvres de pr\u00e9voyance des entreprises affili\u00e9es<\/li>\n<li>Investit dans la strat\u00e9gie de placement Flex RK<\/li>\n<li>LLes effectifs des rentiers \u00e0 reprendre sont \u00e9valu\u00e9s \u00e0 diff\u00e9rents taux d\u2019int\u00e9r\u00eat techniques sur la base de la proportion individuelle actifs \/ rentiers<\/li>\n<li>Les effectifs r\u00e9els de rentiers sans assur\u00e9s actifs ne sont pas repris<\/li>\n<li>Une affiliation sans financement du capital de pr\u00e9voyance des b\u00e9n\u00e9ficiaires de rente n\u00e9cessaire n\u2019est pas possible<\/li>\n<li>L\u2019ensemble des b\u00e9n\u00e9ficiaires de rente repris ainsi que les personnes obtenant la retraite pendant la dur\u00e9e du contrat sont transmis \u00e0 la fin du contrat<\/li>\n<li>Le conseil de fondation d\u00e9termine le financement des provisions n\u00e9cessaires<\/li>\n<\/ul>\n\t\t\t\t\t\t\t\t<\/div>\n\t\t\t\t<\/div>\n\t\t\t\t<section class=\"elementor-section elementor-inner-section elementor-element elementor-element-ea9bd77 elementor-section-boxed elementor-section-height-default elementor-section-height-default\" data-id=\"ea9bd77\" data-element_type=\"section\" data-settings=\"{&quot;background_background&quot;:&quot;classic&quot;,&quot;_ha_eqh_enable&quot;:false}\">\n\t\t\t\t\t\t<div class=\"elementor-container elementor-column-gap-default\">\n\t\t\t\t\t<div class=\"elementor-column elementor-col-100 elementor-inner-column elementor-element elementor-element-46e59a2\" data-id=\"46e59a2\" data-element_type=\"column\">\n\t\t\t<div class=\"elementor-widget-wrap elementor-element-populated\">\n\t\t\t\t\t\t<div class=\"elementor-element elementor-element-3eeba12 elementor-widget elementor-widget-heading\" data-id=\"3eeba12\" data-element_type=\"widget\" data-widget_type=\"heading.default\">\n\t\t\t\t<div class=\"elementor-widget-container\">\n\t\t\t\t\t<h3 class=\"elementor-heading-title elementor-size-default\">Solutions de retraite<\/h3>\t\t\t\t<\/div>\n\t\t\t\t<\/div>\n\t\t\t\t<div class=\"elementor-element elementor-element-eade892 elementor-widget elementor-widget-button\" data-id=\"eade892\" data-element_type=\"widget\" data-widget_type=\"button.default\">\n\t\t\t\t<div class=\"elementor-widget-container\">\n\t\t\t\t\t\t\t\t\t<div class=\"elementor-button-wrapper\">\n\t\t\t\t\t<a class=\"elementor-button elementor-button-link elementor-size-sm\" href=\"https:\/\/www.swisscanto-flex.ch\/fr\/solutions-de-retraite\/\" target=\"_blank\">\n\t\t\t\t\t\t<span class=\"elementor-button-content-wrapper\">\n\t\t\t\t\t\t<span class=\"elementor-button-icon\">\n\t\t\t\t<i aria-hidden=\"true\" class=\"icon icon-sc-arrow3-right\"><\/i>\t\t\t<\/span>\n\t\t\t\t\t\t\t\t\t<span class=\"elementor-button-text\">Concept<\/span>\n\t\t\t\t\t<\/span>\n\t\t\t\t\t<\/a>\n\t\t\t\t<\/div>\n\t\t\t\t\t\t\t\t<\/div>\n\t\t\t\t<\/div>\n\t\t\t\t<div class=\"elementor-element elementor-element-7958af5 elementor-widget elementor-widget-button\" data-id=\"7958af5\" data-element_type=\"widget\" data-widget_type=\"button.default\">\n\t\t\t\t<div class=\"elementor-widget-container\">\n\t\t\t\t\t\t\t\t\t<div class=\"elementor-button-wrapper\">\n\t\t\t\t\t<a class=\"elementor-button elementor-button-link elementor-size-sm\" href=\"https:\/\/www.swisscanto-flex.ch\/fr\/solutions-de-retraite\/flex-individuelle\/\" target=\"_blank\">\n\t\t\t\t\t\t<span class=\"elementor-button-content-wrapper\">\n\t\t\t\t\t\t<span class=\"elementor-button-icon\">\n\t\t\t\t<i aria-hidden=\"true\" class=\"icon icon-sc-arrow3-right\"><\/i>\t\t\t<\/span>\n\t\t\t\t\t\t\t\t\t<span class=\"elementor-button-text\">Flex individuelle<\/span>\n\t\t\t\t\t<\/span>\n\t\t\t\t\t<\/a>\n\t\t\t\t<\/div>\n\t\t\t\t\t\t\t\t<\/div>\n\t\t\t\t<\/div>\n\t\t\t\t<div class=\"elementor-element elementor-element-59a9f19 elementor-widget elementor-widget-button\" data-id=\"59a9f19\" data-element_type=\"widget\" data-widget_type=\"button.default\">\n\t\t\t\t<div class=\"elementor-widget-container\">\n\t\t\t\t\t\t\t\t\t<div class=\"elementor-button-wrapper\">\n\t\t\t\t\t<a class=\"elementor-button elementor-button-link elementor-size-sm\" href=\"https:\/\/www.swisscanto-flex.ch\/fr\/solutions-de-retraite\/flex-collective\/\" target=\"_blank\">\n\t\t\t\t\t\t<span class=\"elementor-button-content-wrapper\">\n\t\t\t\t\t\t<span class=\"elementor-button-icon\">\n\t\t\t\t<i aria-hidden=\"true\" class=\"icon icon-sc-arrow3-right\"><\/i>\t\t\t<\/span>\n\t\t\t\t\t\t\t\t\t<span class=\"elementor-button-text\">Flex collective<\/span>\n\t\t\t\t\t<\/span>\n\t\t\t\t\t<\/a>\n\t\t\t\t<\/div>\n\t\t\t\t\t\t\t\t<\/div>\n\t\t\t\t<\/div>\n\t\t\t\t\t<\/div>\n\t\t<\/div>\n\t\t\t\t\t<\/div>\n\t\t<\/section>\n\t\t\t\t\t<\/div>\n\t\t<\/div>\n\t\t\t\t\t<\/div>\n\t\t<\/section>\n\t\t\t\t<section class=\"elementor-section elementor-top-section elementor-element elementor-element-6ae8dae elementor-section-boxed elementor-section-height-default elementor-section-height-default\" data-id=\"6ae8dae\" data-element_type=\"section\" data-settings=\"{&quot;_ha_eqh_enable&quot;:false}\">\n\t\t\t\t\t\t<div class=\"elementor-container elementor-column-gap-no\">\n\t\t\t\t\t<div class=\"elementor-column elementor-col-100 elementor-top-column elementor-element elementor-element-28f9601\" data-id=\"28f9601\" data-element_type=\"column\">\n\t\t\t<div class=\"elementor-widget-wrap elementor-element-populated\">\n\t\t\t\t\t\t<div class=\"elementor-element elementor-element-889fb19 elementor-widget elementor-widget-template\" data-id=\"889fb19\" data-element_type=\"widget\" data-widget_type=\"template.default\">\n\t\t\t\t<div class=\"elementor-widget-container\">\n\t\t\t\t\t\t\t<div class=\"elementor-template\">\n\t\t\t\t\t<div data-elementor-type=\"section\" data-elementor-id=\"13298\" class=\"elementor elementor-13298 elementor-13291\" data-elementor-settings=\"{&quot;ha_cmc_init_switcher&quot;:&quot;no&quot;}\" data-elementor-post-type=\"elementor_library\">\n\t\t\t\t\t<section class=\"elementor-section elementor-top-section elementor-element elementor-element-1b1d368f red-teaser elementor-section-boxed elementor-section-height-default elementor-section-height-default\" data-id=\"1b1d368f\" data-element_type=\"section\" data-settings=\"{&quot;_ha_eqh_enable&quot;:false}\">\n\t\t\t\t\t\t<div class=\"elementor-container elementor-column-gap-no\">\n\t\t\t\t\t<div class=\"elementor-column elementor-col-100 elementor-top-column elementor-element elementor-element-337faa32\" data-id=\"337faa32\" data-element_type=\"column\">\n\t\t\t<div class=\"elementor-widget-wrap elementor-element-populated\">\n\t\t\t\t\t\t<div class=\"elementor-element elementor-element-2bc65107 elementor-widget elementor-widget-ucaddon_contact_box\" data-id=\"2bc65107\" data-element_type=\"widget\" data-widget_type=\"ucaddon_contact_box.default\">\n\t\t\t\t<div class=\"elementor-widget-container\">\n\t\t\t\t\t\n<!-- start Contact Box -->\n<style>\/* widget: Contact Box *\/\n\n.sc-contact-box {\n  background-color: #080F5E;\n  color: white;\n  padding: 78px;\n  position: relative;\n}\n.sc-contact-box .sc-headline h2 {\n  color: white;\n  font-weight: bold;\n}\n.sc-contact-box:hover .sc-headline h2 {\n  color: var(--e-global-color-text);\n}\n.sc-contact-box .sc-text {\n  margin-bottom: 60px;\n}\n.sc-contact-box .sc-contact-box-wrapper-link {\n  position: absolute;\n  top: 0;\n  left: 0;\n  right: 0;\n  bottom: 0;\n}\n.sc-contact-box .elementor-button-wrapper {\n  position: relative;\n}\n.sc-contact-box .elementor-button-wrapper .elementor-button {\n  color: white;\n  border-color: white;\n  text-decoration: none;\n}\n.sc-contact-box .elementor-button-wrapper .elementor-button:hover {\n  color: #BFE8FC;\n  border-color: #BFE8FC;\n}\n\n<\/style>\n\n<div id=\"uc_contact_box_elementor_2bc65107\" class=\"sc-contact-box\">\n  <div class=\"sc-headline\">\n    <h2>Contactez-nous<\/h2>\n  <\/div>\n  <div class=\"sc-text\">\n    <p>Vous avez des questions sur notre organisation ? Nous sommes heureux d\u2019y r\u00e9pondre<\/p>\n\n  <\/div>\n  <a href=\"https:\/\/www.swisscanto-flex.ch\/fr\/contact\/\" class=\"sc-contact-box-wrapper-link\">&nbsp;<\/a>\n  <div class=\"elementor-button-wrapper\">\n    <a class=\"elementor-button elementor-button-link elementor-size-sm\" href=\"https:\/\/www.swisscanto-flex.ch\/fr\/contact\/\">\n      <span class=\"elementor-button-content-wrapper\">\n        <span class=\"elementor-button-text\">Contact<\/span>\n      <\/span>\n    <\/a>\n  <\/div>\n<\/div>\n<!-- end Contact Box -->\t\t\t\t<\/div>\n\t\t\t\t<\/div>\n\t\t\t\t\t<\/div>\n\t\t<\/div>\n\t\t\t\t\t<\/div>\n\t\t<\/section>\n\t\t\t\t<\/div>\n\t\t\t\t<\/div>\n\t\t\t\t\t\t<\/div>\n\t\t\t\t<\/div>\n\t\t\t\t\t<\/div>\n\t\t<\/div>\n\t\t\t\t\t<\/div>\n\t\t<\/section>\n\t\t\t\t<\/div>\n\t\t","protected":false},"excerpt":{"rendered":"<p>Institution de pr\u00e9voyance rentiers La fondation collective g\u00e8re un plan de pr\u00e9voyance s\u00e9par\u00e9 pour les assur\u00e9s actifs d&rsquo;un employeur affili\u00e9. Les retrait\u00e9s sont g\u00e9r\u00e9s dans le fonds de pension externalis\u00e9. Vos avantages Un taux de couverture individualis\u00e9, avec un m\u00e9canisme de solidarit\u00e9 entre les diff\u00e9rentes \u0153uvres de pr\u00e9voyance des entreprises affili\u00e9es Investit dans la strat\u00e9gie [&hellip;]<\/p>\n","protected":false},"author":2,"featured_media":0,"parent":10456,"menu_order":40,"comment_status":"closed","ping_status":"closed","template":"","meta":{"_acf_changed":false,"footnotes":""},"class_list":["post-10713","page","type-page","status-publish","hentry"],"acf":[],"yoast_head":"<!-- This site is optimized with the Yoast SEO plugin v26.1.1 - https:\/\/yoast.com\/wordpress\/plugins\/seo\/ -->\n<title>Pr\u00e9voyance individuelle pour rentiers - Swisscanto Flex<\/title>\n<meta name=\"description\" content=\"Swisscanto Flex g\u00e8re des plans de pr\u00e9voyance distincts pour les retrait\u00e9s d&#039;un employeur. Vous pouvez en d\u00e9couvrir les grands avantages ici.\" \/>\n<meta name=\"robots\" content=\"index, follow, max-snippet:-1, max-image-preview:large, max-video-preview:-1\" \/>\n<link rel=\"canonical\" href=\"https:\/\/www.swisscanto-flex.ch\/fr\/solutions-de-retraite\/institution-de-prevoyance-rentiers-fr\/\" \/>\n<meta property=\"og:locale\" content=\"fr_FR\" \/>\n<meta property=\"og:type\" content=\"article\" \/>\n<meta property=\"og:title\" content=\"Pr\u00e9voyance individuelle pour rentiers - Swisscanto Flex\" \/>\n<meta property=\"og:description\" content=\"Swisscanto Flex g\u00e8re des plans de pr\u00e9voyance distincts pour les retrait\u00e9s d&#039;un employeur. Vous pouvez en d\u00e9couvrir les grands avantages ici.\" \/>\n<meta property=\"og:url\" content=\"https:\/\/www.swisscanto-flex.ch\/fr\/solutions-de-retraite\/institution-de-prevoyance-rentiers-fr\/\" \/>\n<meta property=\"og:site_name\" content=\"Swisscanto Flex\" \/>\n<meta property=\"article:modified_time\" content=\"2023-08-08T19:59:15+00:00\" \/>\n<meta property=\"og:image\" content=\"https:\/\/www.swisscanto-flex.ch\/wp-content\/uploads\/2023\/02\/Vorsorgewerk-Rentner_Header.jpg\" \/>\n<meta name=\"twitter:card\" content=\"summary_large_image\" \/>\n<meta name=\"twitter:label1\" content=\"Dur\u00e9e de lecture estim\u00e9e\" \/>\n\t<meta name=\"twitter:data1\" content=\"2 minutes\" \/>\n<script type=\"application\/ld+json\" class=\"yoast-schema-graph\">{\"@context\":\"https:\/\/schema.org\",\"@graph\":[{\"@type\":\"WebPage\",\"@id\":\"https:\/\/www.swisscanto-flex.ch\/fr\/solutions-de-retraite\/institution-de-prevoyance-rentiers-fr\/\",\"url\":\"https:\/\/www.swisscanto-flex.ch\/fr\/solutions-de-retraite\/institution-de-prevoyance-rentiers-fr\/\",\"name\":\"Pr\u00e9voyance individuelle pour rentiers - Swisscanto Flex\",\"isPartOf\":{\"@id\":\"https:\/\/www.swisscanto-flex.ch\/fr\/#website\"},\"primaryImageOfPage\":{\"@id\":\"https:\/\/www.swisscanto-flex.ch\/fr\/solutions-de-retraite\/institution-de-prevoyance-rentiers-fr\/#primaryimage\"},\"image\":{\"@id\":\"https:\/\/www.swisscanto-flex.ch\/fr\/solutions-de-retraite\/institution-de-prevoyance-rentiers-fr\/#primaryimage\"},\"thumbnailUrl\":\"https:\/\/www.swisscanto-flex.ch\/wp-content\/uploads\/2023\/02\/Vorsorgewerk-Rentner_Header.jpg\",\"datePublished\":\"2022-12-19T09:09:26+00:00\",\"dateModified\":\"2023-08-08T19:59:15+00:00\",\"description\":\"Swisscanto Flex g\u00e8re des plans de pr\u00e9voyance distincts pour les retrait\u00e9s d'un employeur. Vous pouvez en d\u00e9couvrir les grands avantages ici.\",\"breadcrumb\":{\"@id\":\"https:\/\/www.swisscanto-flex.ch\/fr\/solutions-de-retraite\/institution-de-prevoyance-rentiers-fr\/#breadcrumb\"},\"inLanguage\":\"fr-FR\",\"potentialAction\":[{\"@type\":\"ReadAction\",\"target\":[\"https:\/\/www.swisscanto-flex.ch\/fr\/solutions-de-retraite\/institution-de-prevoyance-rentiers-fr\/\"]}]},{\"@type\":\"ImageObject\",\"inLanguage\":\"fr-FR\",\"@id\":\"https:\/\/www.swisscanto-flex.ch\/fr\/solutions-de-retraite\/institution-de-prevoyance-rentiers-fr\/#primaryimage\",\"url\":\"https:\/\/www.swisscanto-flex.ch\/wp-content\/uploads\/2023\/02\/Vorsorgewerk-Rentner_Header.jpg\",\"contentUrl\":\"https:\/\/www.swisscanto-flex.ch\/wp-content\/uploads\/2023\/02\/Vorsorgewerk-Rentner_Header.jpg\"},{\"@type\":\"BreadcrumbList\",\"@id\":\"https:\/\/www.swisscanto-flex.ch\/fr\/solutions-de-retraite\/institution-de-prevoyance-rentiers-fr\/#breadcrumb\",\"itemListElement\":[{\"@type\":\"ListItem\",\"position\":1,\"name\":\"Home\",\"item\":\"https:\/\/www.swisscanto-flex.ch\/fr\/\"},{\"@type\":\"ListItem\",\"position\":2,\"name\":\"Solutions de pr\u00e9voyance\",\"item\":\"https:\/\/www.swisscanto-flex.ch\/fr\/vorsorgeloesungen\/\"},{\"@type\":\"ListItem\",\"position\":3,\"name\":\"Institution de pr\u00e9voyance rentiers\"}]},{\"@type\":\"WebSite\",\"@id\":\"https:\/\/www.swisscanto-flex.ch\/fr\/#website\",\"url\":\"https:\/\/www.swisscanto-flex.ch\/fr\/\",\"name\":\"Swisscanto Flex\",\"description\":\"\",\"publisher\":{\"@id\":\"https:\/\/www.swisscanto-flex.ch\/fr\/#organization\"},\"potentialAction\":[{\"@type\":\"SearchAction\",\"target\":{\"@type\":\"EntryPoint\",\"urlTemplate\":\"https:\/\/www.swisscanto-flex.ch\/fr\/?s={search_term_string}\"},\"query-input\":{\"@type\":\"PropertyValueSpecification\",\"valueRequired\":true,\"valueName\":\"search_term_string\"}}],\"inLanguage\":\"fr-FR\"},{\"@type\":\"Organization\",\"@id\":\"https:\/\/www.swisscanto-flex.ch\/fr\/#organization\",\"name\":\"Swisscanto Flex\",\"url\":\"https:\/\/www.swisscanto-flex.ch\/fr\/\",\"logo\":{\"@type\":\"ImageObject\",\"inLanguage\":\"fr-FR\",\"@id\":\"https:\/\/www.swisscanto-flex.ch\/fr\/#\/schema\/logo\/image\/\",\"url\":\"https:\/\/www.swisscanto-flex.ch\/wp-content\/uploads\/2025\/08\/SWCstift_Flex_DE_hor_pos_sRGB.png\",\"contentUrl\":\"https:\/\/www.swisscanto-flex.ch\/wp-content\/uploads\/2025\/08\/SWCstift_Flex_DE_hor_pos_sRGB.png\",\"width\":1241,\"height\":110,\"caption\":\"Swisscanto Flex\"},\"image\":{\"@id\":\"https:\/\/www.swisscanto-flex.ch\/fr\/#\/schema\/logo\/image\/\"}}]}<\/script>\n<!-- \/ Yoast SEO plugin. -->","yoast_head_json":{"title":"Pr\u00e9voyance individuelle pour rentiers - Swisscanto Flex","description":"Swisscanto Flex g\u00e8re des plans de pr\u00e9voyance distincts pour les retrait\u00e9s d'un employeur. Vous pouvez en d\u00e9couvrir les grands avantages ici.","robots":{"index":"index","follow":"follow","max-snippet":"max-snippet:-1","max-image-preview":"max-image-preview:large","max-video-preview":"max-video-preview:-1"},"canonical":"https:\/\/www.swisscanto-flex.ch\/fr\/solutions-de-retraite\/institution-de-prevoyance-rentiers-fr\/","og_locale":"fr_FR","og_type":"article","og_title":"Pr\u00e9voyance individuelle pour rentiers - Swisscanto Flex","og_description":"Swisscanto Flex g\u00e8re des plans de pr\u00e9voyance distincts pour les retrait\u00e9s d'un employeur. Vous pouvez en d\u00e9couvrir les grands avantages ici.","og_url":"https:\/\/www.swisscanto-flex.ch\/fr\/solutions-de-retraite\/institution-de-prevoyance-rentiers-fr\/","og_site_name":"Swisscanto Flex","article_modified_time":"2023-08-08T19:59:15+00:00","og_image":[{"url":"https:\/\/www.swisscanto-flex.ch\/wp-content\/uploads\/2023\/02\/Vorsorgewerk-Rentner_Header.jpg","type":"","width":"","height":""}],"twitter_card":"summary_large_image","twitter_misc":{"Dur\u00e9e de lecture estim\u00e9e":"2 minutes"},"schema":{"@context":"https:\/\/schema.org","@graph":[{"@type":"WebPage","@id":"https:\/\/www.swisscanto-flex.ch\/fr\/solutions-de-retraite\/institution-de-prevoyance-rentiers-fr\/","url":"https:\/\/www.swisscanto-flex.ch\/fr\/solutions-de-retraite\/institution-de-prevoyance-rentiers-fr\/","name":"Pr\u00e9voyance individuelle pour rentiers - Swisscanto Flex","isPartOf":{"@id":"https:\/\/www.swisscanto-flex.ch\/fr\/#website"},"primaryImageOfPage":{"@id":"https:\/\/www.swisscanto-flex.ch\/fr\/solutions-de-retraite\/institution-de-prevoyance-rentiers-fr\/#primaryimage"},"image":{"@id":"https:\/\/www.swisscanto-flex.ch\/fr\/solutions-de-retraite\/institution-de-prevoyance-rentiers-fr\/#primaryimage"},"thumbnailUrl":"https:\/\/www.swisscanto-flex.ch\/wp-content\/uploads\/2023\/02\/Vorsorgewerk-Rentner_Header.jpg","datePublished":"2022-12-19T09:09:26+00:00","dateModified":"2023-08-08T19:59:15+00:00","description":"Swisscanto Flex g\u00e8re des plans de pr\u00e9voyance distincts pour les retrait\u00e9s d'un employeur. Vous pouvez en d\u00e9couvrir les grands avantages ici.","breadcrumb":{"@id":"https:\/\/www.swisscanto-flex.ch\/fr\/solutions-de-retraite\/institution-de-prevoyance-rentiers-fr\/#breadcrumb"},"inLanguage":"fr-FR","potentialAction":[{"@type":"ReadAction","target":["https:\/\/www.swisscanto-flex.ch\/fr\/solutions-de-retraite\/institution-de-prevoyance-rentiers-fr\/"]}]},{"@type":"ImageObject","inLanguage":"fr-FR","@id":"https:\/\/www.swisscanto-flex.ch\/fr\/solutions-de-retraite\/institution-de-prevoyance-rentiers-fr\/#primaryimage","url":"https:\/\/www.swisscanto-flex.ch\/wp-content\/uploads\/2023\/02\/Vorsorgewerk-Rentner_Header.jpg","contentUrl":"https:\/\/www.swisscanto-flex.ch\/wp-content\/uploads\/2023\/02\/Vorsorgewerk-Rentner_Header.jpg"},{"@type":"BreadcrumbList","@id":"https:\/\/www.swisscanto-flex.ch\/fr\/solutions-de-retraite\/institution-de-prevoyance-rentiers-fr\/#breadcrumb","itemListElement":[{"@type":"ListItem","position":1,"name":"Home","item":"https:\/\/www.swisscanto-flex.ch\/fr\/"},{"@type":"ListItem","position":2,"name":"Solutions de pr\u00e9voyance","item":"https:\/\/www.swisscanto-flex.ch\/fr\/vorsorgeloesungen\/"},{"@type":"ListItem","position":3,"name":"Institution de pr\u00e9voyance rentiers"}]},{"@type":"WebSite","@id":"https:\/\/www.swisscanto-flex.ch\/fr\/#website","url":"https:\/\/www.swisscanto-flex.ch\/fr\/","name":"Swisscanto Flex","description":"","publisher":{"@id":"https:\/\/www.swisscanto-flex.ch\/fr\/#organization"},"potentialAction":[{"@type":"SearchAction","target":{"@type":"EntryPoint","urlTemplate":"https:\/\/www.swisscanto-flex.ch\/fr\/?s={search_term_string}"},"query-input":{"@type":"PropertyValueSpecification","valueRequired":true,"valueName":"search_term_string"}}],"inLanguage":"fr-FR"},{"@type":"Organization","@id":"https:\/\/www.swisscanto-flex.ch\/fr\/#organization","name":"Swisscanto Flex","url":"https:\/\/www.swisscanto-flex.ch\/fr\/","logo":{"@type":"ImageObject","inLanguage":"fr-FR","@id":"https:\/\/www.swisscanto-flex.ch\/fr\/#\/schema\/logo\/image\/","url":"https:\/\/www.swisscanto-flex.ch\/wp-content\/uploads\/2025\/08\/SWCstift_Flex_DE_hor_pos_sRGB.png","contentUrl":"https:\/\/www.swisscanto-flex.ch\/wp-content\/uploads\/2025\/08\/SWCstift_Flex_DE_hor_pos_sRGB.png","width":1241,"height":110,"caption":"Swisscanto Flex"},"image":{"@id":"https:\/\/www.swisscanto-flex.ch\/fr\/#\/schema\/logo\/image\/"}}]}},"_links":{"self":[{"href":"https:\/\/www.swisscanto-flex.ch\/fr\/wp-json\/wp\/v2\/pages\/10713","targetHints":{"allow":["GET"]}}],"collection":[{"href":"https:\/\/www.swisscanto-flex.ch\/fr\/wp-json\/wp\/v2\/pages"}],"about":[{"href":"https:\/\/www.swisscanto-flex.ch\/fr\/wp-json\/wp\/v2\/types\/page"}],"author":[{"embeddable":true,"href":"https:\/\/www.swisscanto-flex.ch\/fr\/wp-json\/wp\/v2\/users\/2"}],"replies":[{"embeddable":true,"href":"https:\/\/www.swisscanto-flex.ch\/fr\/wp-json\/wp\/v2\/comments?post=10713"}],"version-history":[{"count":20,"href":"https:\/\/www.swisscanto-flex.ch\/fr\/wp-json\/wp\/v2\/pages\/10713\/revisions"}],"predecessor-version":[{"id":13336,"href":"https:\/\/www.swisscanto-flex.ch\/fr\/wp-json\/wp\/v2\/pages\/10713\/revisions\/13336"}],"up":[{"embeddable":true,"href":"https:\/\/www.swisscanto-flex.ch\/fr\/wp-json\/wp\/v2\/pages\/10456"}],"wp:attachment":[{"href":"https:\/\/www.swisscanto-flex.ch\/fr\/wp-json\/wp\/v2\/media?parent=10713"}],"curies":[{"name":"wp","href":"https:\/\/api.w.org\/{rel}","templated":true}]}}