{"id":12515,"date":"2023-04-14T16:56:17","date_gmt":"2023-04-14T14:56:17","guid":{"rendered":"https:\/\/www.swisscanto-flex.ch\/politique-de-confidentialite\/"},"modified":"2023-09-04T17:15:45","modified_gmt":"2023-09-04T15:15:45","slug":"politique-de-confidentialite","status":"publish","type":"page","link":"https:\/\/www.swisscanto-flex.ch\/fr\/politique-de-confidentialite\/","title":{"rendered":"Politique de confidentialit\u00e9"},"content":{"rendered":"\t\t<div data-elementor-type=\"wp-page\" data-elementor-id=\"12515\" class=\"elementor elementor-12515 elementor-12507\" data-elementor-settings=\"{&quot;ha_cmc_init_switcher&quot;:&quot;no&quot;}\" data-elementor-post-type=\"page\">\n\t\t\t\t\t\t<section class=\"elementor-section elementor-top-section elementor-element elementor-element-d3c3ccb elementor-section-boxed elementor-section-height-default elementor-section-height-default\" data-id=\"d3c3ccb\" data-element_type=\"section\" data-settings=\"{&quot;_ha_eqh_enable&quot;:false}\">\n\t\t\t\t\t\t<div class=\"elementor-container elementor-column-gap-default\">\n\t\t\t\t\t<div class=\"elementor-column elementor-col-100 elementor-top-column elementor-element elementor-element-6ff90c1\" data-id=\"6ff90c1\" data-element_type=\"column\">\n\t\t\t<div class=\"elementor-widget-wrap elementor-element-populated\">\n\t\t\t\t\t\t<div class=\"elementor-element elementor-element-5b8b51c elementor-widget elementor-widget-heading\" data-id=\"5b8b51c\" data-element_type=\"widget\" data-widget_type=\"heading.default\">\n\t\t\t\t<div class=\"elementor-widget-container\">\n\t\t\t\t\t<h1 class=\"elementor-heading-title elementor-size-default\">Politique de confidentialit\u00e9 <\/h1>\t\t\t\t<\/div>\n\t\t\t\t<\/div>\n\t\t\t\t<div class=\"elementor-element elementor-element-2cc0d24 elementor-widget elementor-widget-text-editor\" data-id=\"2cc0d24\" data-element_type=\"widget\" data-widget_type=\"text-editor.default\">\n\t\t\t\t<div class=\"elementor-widget-container\">\n\t\t\t\t\t\t\t\t\t<p>La protection des donn\u00e9es est extr\u00eamement importante pour la Swisscanto Flex Fondation Collective des banques cantonales. Nous sommes guid\u00e9s par le r\u00e8glement g\u00e9n\u00e9ral de l&rsquo;UE sur la protection des donn\u00e9es (RGPD) et la loi f\u00e9d\u00e9rale suisse sur la protection des donn\u00e9es. L&rsquo;adresse de notre site web est : www.swisscanto-flex.ch.<\/p>\n<p>Dans cette politique de protec\u00adtion des donn\u00e9es en lig\u00adne, vous trou\u00adve\u00adrez des in\u00adfor\u00adma\u00adtions sur la ma\u00adni\u00e8re dont et pour quel but vos don\u00adn\u00e9es per\u00adson\u00adnel\u00adles sont collec\u00adt\u00e9es et trai\u00adt\u00e9es lors\u00adque vous nous ren\u00addez vi\u00adsi\u00adte sur www.swisscanto-flex.ch ou que vous nous con\u00adtac\u00adtez via le formulaire de contact.<\/p>\n<p>Dans la d\u00e9c\u00adla\u00adra\u00adtion suppl\u00e9mentaire de pro\u00adtec\u00adtion des don\u00adn\u00e9es de la pr\u00e9\u00advoy\u00adance pro\u00adfes\u00adsion\u00adnelle, vous trou\u00adve\u00adrez des in\u00adfor\u00adma\u00adtions sur la ma\u00adni\u00e8re dont les don\u00adn\u00e9es \u00e0 ca\u00adrac\u00adt\u00e8re per\u00adson\u00adnel sont collec\u00adt\u00e9es et trai\u00adt\u00e9es dans le ca\u00addre des pro\u00adduits d&rsquo;assu\u00adrance, ainsi que des in\u00adfor\u00adma\u00adtions sur nos autres traite\u00adments des donn\u00e9es \u00e0 caract\u00e8re per\u00adson\u00adnel et sur vos droits.\u00a0<a href=\"https:\/\/www.swisscanto-flex.ch\/wp-content\/uploads\/2023\/09\/Declaration-de-protection-des-donnees-de-la-prevoyance-professionnelle.pdf\">D\u00e9claration suppl\u00e9mentaire de protection des donn\u00e9es de la pr\u00e9voyance professionnelle.<\/a><\/p>\n\t\t\t\t\t\t\t\t<\/div>\n\t\t\t\t<\/div>\n\t\t\t\t<div class=\"elementor-element elementor-element-0958a7f elementor-widget elementor-widget-heading\" data-id=\"0958a7f\" data-element_type=\"widget\" data-widget_type=\"heading.default\">\n\t\t\t\t<div class=\"elementor-widget-container\">\n\t\t\t\t\t<h2 class=\"elementor-heading-title elementor-size-default\">H\u00e9bergement et fichiers journaux<\/h2>\t\t\t\t<\/div>\n\t\t\t\t<\/div>\n\t\t\t\t<div class=\"elementor-element elementor-element-8ed1e79 elementor-widget elementor-widget-text-editor\" data-id=\"8ed1e79\" data-element_type=\"widget\" data-widget_type=\"text-editor.default\">\n\t\t\t\t<div class=\"elementor-widget-container\">\n\t\t\t\t\t\t\t\t\t<p>Lorsque vous acc\u00e9dez \u00e0 ce site Web, des informations \u00e0 caract\u00e8re g\u00e9n\u00e9ral sont automatiquement identifi\u00e9es. Ces informations sont enregistr\u00e9es dans le fichier journal du serveur et comprennent le type de navigateur Web, le syst\u00e8me d&rsquo;exploitation utilis\u00e9, le nom de domaine de votre fournisseur de services Internet, votre adresse IP (Internet Protocol), etc. Notre site Web est h\u00e9berg\u00e9 par METANET AG. Chez METANET, des fichiers journaux du serveur Web contenant les informations suivantes sont cr\u00e9\u00e9s en standard pour chaque acc\u00e8s au site Web :<\/p>\n\t\t\t\t\t\t\t\t<\/div>\n\t\t\t\t<\/div>\n\t\t\t\t<div class=\"elementor-element elementor-element-80176f6 elementor-widget elementor-widget-text-editor\" data-id=\"80176f6\" data-element_type=\"widget\" data-widget_type=\"text-editor.default\">\n\t\t\t\t<div class=\"elementor-widget-container\">\n\t\t\t\t\t\t\t\t\t<ul>\n<li>Site Web visit\u00e9<\/li>\n<li>Heure d&rsquo;acc\u00e8s<\/li>\n<li>Quantit\u00e9 de donn\u00e9es envoy\u00e9es en octets<\/li>\n<li>Source\/r\u00e9f\u00e9rence \u00e0 partir de laquelle vous \u00eates venu sur la page<\/li>\n<li>Navigateur Internet utilis\u00e9<\/li>\n<li>Syst\u00e8me d&rsquo;exploitation utilis\u00e9<\/li>\n<li>Adresse IP utilis\u00e9e<\/li>\n<\/ul>\n\t\t\t\t\t\t\t\t<\/div>\n\t\t\t\t<\/div>\n\t\t\t\t<div class=\"elementor-element elementor-element-78a38a1 elementor-widget elementor-widget-text-editor\" data-id=\"78a38a1\" data-element_type=\"widget\" data-widget_type=\"text-editor.default\">\n\t\t\t\t<div class=\"elementor-widget-container\">\n\t\t\t\t\t\t\t\t\t<p>Les donn\u00e9es collect\u00e9es ne sont utilis\u00e9es que pour des \u00e9valuations statistiques, pour am\u00e9liorer le site Web et pour assurer la s\u00e9curit\u00e9.<\/p>\n\t\t\t\t\t\t\t\t<\/div>\n\t\t\t\t<\/div>\n\t\t\t\t<div class=\"elementor-element elementor-element-ee9b712 elementor-widget elementor-widget-heading\" data-id=\"ee9b712\" data-element_type=\"widget\" data-widget_type=\"heading.default\">\n\t\t\t\t<div class=\"elementor-widget-container\">\n\t\t\t\t\t<h2 class=\"elementor-heading-title elementor-size-default\">Cryptage SSL<\/h2>\t\t\t\t<\/div>\n\t\t\t\t<\/div>\n\t\t\t\t<div class=\"elementor-element elementor-element-68a37f5 elementor-widget elementor-widget-text-editor\" data-id=\"68a37f5\" data-element_type=\"widget\" data-widget_type=\"text-editor.default\">\n\t\t\t\t<div class=\"elementor-widget-container\">\n\t\t\t\t\t\t\t\t\t<p>Notre site Web est accessible \u00e0 l&rsquo;aide d&rsquo;un cryptage de transport (Transport Layer Security (TLS)).<\/p>\n<p>Vous pouvez reconna\u00eetre ces connexions crypt\u00e9es au pr\u00e9fixe \u00ab\u00a0https:\/\/\u00a0\u00bb dans le lien de page dans la ligne d&rsquo;adresse de votre navigateur Internet. Les pages non crypt\u00e9es sont marqu\u00e9es par \u00ab\u00a0http:\/\/\u00a0\u00bb.<\/p>\n<p>Toutes les donn\u00e9es que vous transmettez \u00e0 ce site Web &#8211; telles que les demandes de renseignements ou les connexions &#8211; ne peuvent pas \u00eatre lues par des tiers gr\u00e2ce au cryptage TLS.<\/p>\n\t\t\t\t\t\t\t\t<\/div>\n\t\t\t\t<\/div>\n\t\t\t\t<div class=\"elementor-element elementor-element-3c58eda elementor-widget elementor-widget-heading\" data-id=\"3c58eda\" data-element_type=\"widget\" data-widget_type=\"heading.default\">\n\t\t\t\t<div class=\"elementor-widget-container\">\n\t\t\t\t\t<h2 class=\"elementor-heading-title elementor-size-default\">Politique de confidentialit\u00e9 pour les services tiers\/contenu int\u00e9gr\u00e9 d'autres sites<\/h2>\t\t\t\t<\/div>\n\t\t\t\t<\/div>\n\t\t\t\t<div class=\"elementor-element elementor-element-be6d8ce elementor-widget elementor-widget-text-editor\" data-id=\"be6d8ce\" data-element_type=\"widget\" data-widget_type=\"text-editor.default\">\n\t\t\t\t<div class=\"elementor-widget-container\">\n\t\t\t\t\t\t\t\t\t<p>Les articles de ce site Web peuvent contenir du contenu int\u00e9gr\u00e9 (par exemple des vid\u00e9os, des images, des articles, etc.). Le contenu int\u00e9gr\u00e9 d&rsquo;autres sites Web se comporte exactement comme si le visiteur avait visit\u00e9 l&rsquo;autre site Web.<\/p>\n<p>Ces sites Web peuvent collecter des donn\u00e9es vous concernant, utiliser des cookies, int\u00e9grer des services de suivi tiers suppl\u00e9mentaires et enregistrer votre interaction avec ce contenu int\u00e9gr\u00e9, y compris votre interaction avec le contenu int\u00e9gr\u00e9 si vous avez un compte et \u00eates connect\u00e9 \u00e0 ce site Web.<\/p>\n\t\t\t\t\t\t\t\t<\/div>\n\t\t\t\t<\/div>\n\t\t\t\t<div class=\"elementor-element elementor-element-a74cead elementor-widget elementor-widget-heading\" data-id=\"a74cead\" data-element_type=\"widget\" data-widget_type=\"heading.default\">\n\t\t\t\t<div class=\"elementor-widget-container\">\n\t\t\t\t\t<h2 class=\"elementor-heading-title elementor-size-default\">Utilisation de Google Analytics<\/h2>\t\t\t\t<\/div>\n\t\t\t\t<\/div>\n\t\t\t\t<div class=\"elementor-element elementor-element-b900652 elementor-widget elementor-widget-text-editor\" data-id=\"b900652\" data-element_type=\"widget\" data-widget_type=\"text-editor.default\">\n\t\t\t\t<div class=\"elementor-widget-container\">\n\t\t\t\t\t\t\t\t\t<p>Ce site Web utilise Google Analytics, un service d&rsquo;analyse Web fourni par Google LLC, 1600 Amphitheatre Parkway, Mountain View, CA 94043 USA (ci-apr\u00e8s : \u00ab\u00a0Google\u00a0\u00bb). Google Analytics utilise des \u00ab cookies \u00bb, c&rsquo;est-\u00e0-dire des fichiers texte qui sont stock\u00e9s sur votre ordinateur et qui permettent une analyse de votre utilisation du site Internet. Les informations g\u00e9n\u00e9r\u00e9es par le cookie concernant votre utilisation de ce site Web sont g\u00e9n\u00e9ralement transmises \u00e0 un serveur de Google aux \u00c9tats-Unis et y sont stock\u00e9es. Cependant, en raison de l&rsquo;activation de l&rsquo;anonymisation IP sur ce site Web, votre adresse IP sera pr\u00e9alablement raccourcie par Google dans les \u00c9tats membres de l&rsquo;Union europ\u00e9enne ou dans d&rsquo;autres \u00c9tats contractants de l&rsquo;accord sur l&rsquo;Espace \u00e9conomique europ\u00e9en. Ce n&rsquo;est que dans des cas exceptionnels que l&rsquo;adresse IP compl\u00e8te sera envoy\u00e9e \u00e0 un serveur de Google aux \u00c9tats-Unis et raccourcie l\u00e0-bas. L&rsquo;exploitant de ce site n&rsquo;a plus aucune influence sur cette transmission de donn\u00e9es.<\/p>\n<p>Au nom de l&rsquo;op\u00e9rateur de ce site Web, Google utilisera ces informations pour \u00e9valuer votre utilisation du site Web, pour compiler des rapports sur l&rsquo;activit\u00e9 du site Web et pour fournir d&rsquo;autres services li\u00e9s \u00e0 l&rsquo;activit\u00e9 du site Web et \u00e0 l&rsquo;utilisation d&rsquo;Internet \u00e0 l&rsquo;op\u00e9rateur du site Web. L&rsquo;adresse IP transmise par votre navigateur dans le cadre de Google Analytics ne sera pas fusionn\u00e9e avec d&rsquo;autres donn\u00e9es de Google.<\/p>\n<p>Le but du traitement des donn\u00e9es est d&rsquo;\u00e9valuer l&rsquo;utilisation du site Web et de compiler des rapports sur les activit\u00e9s sur le site Web. Sur la base de l&rsquo;utilisation du site Web et d&rsquo;Internet, d&rsquo;autres services connexes doivent ensuite \u00eatre fournis.<\/p>\n\t\t\t\t\t\t\t\t<\/div>\n\t\t\t\t<\/div>\n\t\t\t\t<div class=\"elementor-element elementor-element-2f43c2e elementor-widget elementor-widget-heading\" data-id=\"2f43c2e\" data-element_type=\"widget\" data-widget_type=\"heading.default\">\n\t\t\t\t<div class=\"elementor-widget-container\">\n\t\t\t\t\t<h2 class=\"elementor-heading-title elementor-size-default\">R\u00e8gles de protection des donn\u00e9es pour l'utilisation de Google Fonts<\/h2>\t\t\t\t<\/div>\n\t\t\t\t<\/div>\n\t\t\t\t<div class=\"elementor-element elementor-element-aaf2ddf elementor-widget elementor-widget-text-editor\" data-id=\"aaf2ddf\" data-element_type=\"widget\" data-widget_type=\"text-editor.default\">\n\t\t\t\t<div class=\"elementor-widget-container\">\n\t\t\t\t\t\t\t\t\t<p>Nous utilisons Google Fonts pour int\u00e9grer des polices dans notre site Web. Google Fonts est un service de l&rsquo;am\u00e9ricain Google LLC. Nous avons besoin de ce service pour pouvoir fournir notre offre, y compris notre site Web, de mani\u00e8re efficace et conviviale, de mani\u00e8re s\u00fbre et fiable.<\/p>\n<p>Google est soumis \u00e0 la fois au EU-American Privacy Shield et au Swiss-American Privacy Shield, avec lesquels Google s&rsquo;engage \u00e0 assurer une protection appropri\u00e9e des donn\u00e9es. En particulier, Google a publi\u00e9 les informations suivantes sur le type, l&rsquo;\u00e9tendue et la finalit\u00e9 du traitement des donn\u00e9es en rapport avec Google Fonts : protection des donn\u00e9es chez Google Fonts, d\u00e9claration de protection des donn\u00e9es et conditions d&rsquo;utilisation, inscription dans la liste Privacy Shield.<\/p>\n\t\t\t\t\t\t\t\t<\/div>\n\t\t\t\t<\/div>\n\t\t\t\t<div class=\"elementor-element elementor-element-bf2350f elementor-widget elementor-widget-heading\" data-id=\"bf2350f\" data-element_type=\"widget\" data-widget_type=\"heading.default\">\n\t\t\t\t<div class=\"elementor-widget-container\">\n\t\t\t\t\t<h2 class=\"elementor-heading-title elementor-size-default\">Dispositions finales\/modifications<\/h2>\t\t\t\t<\/div>\n\t\t\t\t<\/div>\n\t\t\t\t<div class=\"elementor-element elementor-element-066b362 elementor-widget elementor-widget-text-editor\" data-id=\"066b362\" data-element_type=\"widget\" data-widget_type=\"text-editor.default\">\n\t\t\t\t<div class=\"elementor-widget-container\">\n\t\t\t\t\t\t\t\t\t<p>Nous nous r\u00e9servons le droit de modifier cette politique de confidentialit\u00e9 \u00e0 tout moment sans pr\u00e9avis. La version publi\u00e9e sur notre site Web s&rsquo;applique.<\/p>\n\t\t\t\t\t\t\t\t<\/div>\n\t\t\t\t<\/div>\n\t\t\t\t<div class=\"elementor-element elementor-element-2a26dc0 elementor-widget elementor-widget-heading\" data-id=\"2a26dc0\" data-element_type=\"widget\" data-widget_type=\"heading.default\">\n\t\t\t\t<div class=\"elementor-widget-container\">\n\t\t\t\t\t<h2 class=\"elementor-heading-title elementor-size-default\">Questions au d\u00e9l\u00e9gu\u00e9 \u00e0 la protection des donn\u00e9es<\/h2>\t\t\t\t<\/div>\n\t\t\t\t<\/div>\n\t\t\t\t<div class=\"elementor-element elementor-element-de9c970 elementor-widget elementor-widget-text-editor\" data-id=\"de9c970\" data-element_type=\"widget\" data-widget_type=\"text-editor.default\">\n\t\t\t\t<div class=\"elementor-widget-container\">\n\t\t\t\t\t\t\t\t\t<p>Si vous avez des questions sur la protection des donn\u00e9es, veuillez nous envoyer un e-mail \u00e0 &#102;&#x6c;&#x65;x&#64;&#x70;f&#115;&#x2e;c&#104; ou contacter l&rsquo;adresse suivante :<\/p>\n<p>Swisscanto Flex Fondation Collective<br \/>\ndes banques cantonales<br \/>\nBureau<br \/>\nBo\u00eete postale<br \/>\n8152 Glattbrugg<\/p>\n\t\t\t\t\t\t\t\t<\/div>\n\t\t\t\t<\/div>\n\t\t\t\t\t<\/div>\n\t\t<\/div>\n\t\t\t\t\t<\/div>\n\t\t<\/section>\n\t\t\t\t<\/div>\n\t\t","protected":false},"excerpt":{"rendered":"<p>Politique de confidentialit\u00e9 La protection des donn\u00e9es est extr\u00eamement importante pour la Swisscanto Flex Fondation Collective des banques cantonales. Nous sommes guid\u00e9s par le r\u00e8glement g\u00e9n\u00e9ral de l&rsquo;UE sur la protection des donn\u00e9es (RGPD) et la loi f\u00e9d\u00e9rale suisse sur la protection des donn\u00e9es. L&rsquo;adresse de notre site web est : www.swisscanto-flex.ch. Dans cette politique [&hellip;]<\/p>\n","protected":false},"author":2,"featured_media":0,"parent":0,"menu_order":510,"comment_status":"closed","ping_status":"closed","template":"","meta":{"_acf_changed":false,"footnotes":""},"class_list":["post-12515","page","type-page","status-publish","hentry"],"acf":[],"yoast_head":"<!-- This site is optimized with the Yoast SEO plugin v26.1.1 - https:\/\/yoast.com\/wordpress\/plugins\/seo\/ -->\n<title>Politique de confidentialit\u00e9 - Swisscanto Flex<\/title>\n<meta name=\"robots\" content=\"index, follow, max-snippet:-1, max-image-preview:large, max-video-preview:-1\" \/>\n<link rel=\"canonical\" href=\"https:\/\/www.swisscanto-flex.ch\/fr\/politique-de-confidentialite\/\" \/>\n<meta property=\"og:locale\" content=\"fr_FR\" \/>\n<meta property=\"og:type\" content=\"article\" \/>\n<meta property=\"og:title\" content=\"Politique de confidentialit\u00e9 - Swisscanto Flex\" \/>\n<meta property=\"og:description\" content=\"Politique de confidentialit\u00e9 La protection des donn\u00e9es est extr\u00eamement importante pour la Swisscanto Flex Fondation Collective des banques cantonales. Nous sommes guid\u00e9s par le r\u00e8glement g\u00e9n\u00e9ral de l&rsquo;UE sur la protection des donn\u00e9es (RGPD) et la loi f\u00e9d\u00e9rale suisse sur la protection des donn\u00e9es. L&rsquo;adresse de notre site web est : www.swisscanto-flex.ch. Dans cette politique [&hellip;]\" \/>\n<meta property=\"og:url\" content=\"https:\/\/www.swisscanto-flex.ch\/fr\/politique-de-confidentialite\/\" \/>\n<meta property=\"og:site_name\" content=\"Swisscanto Flex\" \/>\n<meta property=\"article:modified_time\" content=\"2023-09-04T15:15:45+00:00\" \/>\n<meta name=\"twitter:card\" content=\"summary_large_image\" \/>\n<meta name=\"twitter:label1\" content=\"Dur\u00e9e de lecture estim\u00e9e\" \/>\n\t<meta name=\"twitter:data1\" content=\"5 minutes\" \/>\n<script type=\"application\/ld+json\" class=\"yoast-schema-graph\">{\"@context\":\"https:\/\/schema.org\",\"@graph\":[{\"@type\":\"WebPage\",\"@id\":\"https:\/\/www.swisscanto-flex.ch\/fr\/politique-de-confidentialite\/\",\"url\":\"https:\/\/www.swisscanto-flex.ch\/fr\/politique-de-confidentialite\/\",\"name\":\"Politique de confidentialit\u00e9 - Swisscanto Flex\",\"isPartOf\":{\"@id\":\"https:\/\/www.swisscanto-flex.ch\/fr\/#website\"},\"datePublished\":\"2023-04-14T14:56:17+00:00\",\"dateModified\":\"2023-09-04T15:15:45+00:00\",\"breadcrumb\":{\"@id\":\"https:\/\/www.swisscanto-flex.ch\/fr\/politique-de-confidentialite\/#breadcrumb\"},\"inLanguage\":\"fr-FR\",\"potentialAction\":[{\"@type\":\"ReadAction\",\"target\":[\"https:\/\/www.swisscanto-flex.ch\/fr\/politique-de-confidentialite\/\"]}]},{\"@type\":\"BreadcrumbList\",\"@id\":\"https:\/\/www.swisscanto-flex.ch\/fr\/politique-de-confidentialite\/#breadcrumb\",\"itemListElement\":[{\"@type\":\"ListItem\",\"position\":1,\"name\":\"Home\",\"item\":\"https:\/\/www.swisscanto-flex.ch\/fr\/\"},{\"@type\":\"ListItem\",\"position\":2,\"name\":\"Politique de confidentialit\u00e9\"}]},{\"@type\":\"WebSite\",\"@id\":\"https:\/\/www.swisscanto-flex.ch\/fr\/#website\",\"url\":\"https:\/\/www.swisscanto-flex.ch\/fr\/\",\"name\":\"Swisscanto Flex\",\"description\":\"\",\"publisher\":{\"@id\":\"https:\/\/www.swisscanto-flex.ch\/fr\/#organization\"},\"potentialAction\":[{\"@type\":\"SearchAction\",\"target\":{\"@type\":\"EntryPoint\",\"urlTemplate\":\"https:\/\/www.swisscanto-flex.ch\/fr\/?s={search_term_string}\"},\"query-input\":{\"@type\":\"PropertyValueSpecification\",\"valueRequired\":true,\"valueName\":\"search_term_string\"}}],\"inLanguage\":\"fr-FR\"},{\"@type\":\"Organization\",\"@id\":\"https:\/\/www.swisscanto-flex.ch\/fr\/#organization\",\"name\":\"Swisscanto Flex\",\"url\":\"https:\/\/www.swisscanto-flex.ch\/fr\/\",\"logo\":{\"@type\":\"ImageObject\",\"inLanguage\":\"fr-FR\",\"@id\":\"https:\/\/www.swisscanto-flex.ch\/fr\/#\/schema\/logo\/image\/\",\"url\":\"https:\/\/www.swisscanto-flex.ch\/wp-content\/uploads\/2025\/08\/SWCstift_Flex_DE_hor_pos_sRGB.png\",\"contentUrl\":\"https:\/\/www.swisscanto-flex.ch\/wp-content\/uploads\/2025\/08\/SWCstift_Flex_DE_hor_pos_sRGB.png\",\"width\":1241,\"height\":110,\"caption\":\"Swisscanto Flex\"},\"image\":{\"@id\":\"https:\/\/www.swisscanto-flex.ch\/fr\/#\/schema\/logo\/image\/\"}}]}<\/script>\n<!-- \/ Yoast SEO plugin. -->","yoast_head_json":{"title":"Politique de confidentialit\u00e9 - Swisscanto Flex","robots":{"index":"index","follow":"follow","max-snippet":"max-snippet:-1","max-image-preview":"max-image-preview:large","max-video-preview":"max-video-preview:-1"},"canonical":"https:\/\/www.swisscanto-flex.ch\/fr\/politique-de-confidentialite\/","og_locale":"fr_FR","og_type":"article","og_title":"Politique de confidentialit\u00e9 - Swisscanto Flex","og_description":"Politique de confidentialit\u00e9 La protection des donn\u00e9es est extr\u00eamement importante pour la Swisscanto Flex Fondation Collective des banques cantonales. Nous sommes guid\u00e9s par le r\u00e8glement g\u00e9n\u00e9ral de l&rsquo;UE sur la protection des donn\u00e9es (RGPD) et la loi f\u00e9d\u00e9rale suisse sur la protection des donn\u00e9es. L&rsquo;adresse de notre site web est : www.swisscanto-flex.ch. Dans cette politique [&hellip;]","og_url":"https:\/\/www.swisscanto-flex.ch\/fr\/politique-de-confidentialite\/","og_site_name":"Swisscanto Flex","article_modified_time":"2023-09-04T15:15:45+00:00","twitter_card":"summary_large_image","twitter_misc":{"Dur\u00e9e de lecture estim\u00e9e":"5 minutes"},"schema":{"@context":"https:\/\/schema.org","@graph":[{"@type":"WebPage","@id":"https:\/\/www.swisscanto-flex.ch\/fr\/politique-de-confidentialite\/","url":"https:\/\/www.swisscanto-flex.ch\/fr\/politique-de-confidentialite\/","name":"Politique de confidentialit\u00e9 - Swisscanto Flex","isPartOf":{"@id":"https:\/\/www.swisscanto-flex.ch\/fr\/#website"},"datePublished":"2023-04-14T14:56:17+00:00","dateModified":"2023-09-04T15:15:45+00:00","breadcrumb":{"@id":"https:\/\/www.swisscanto-flex.ch\/fr\/politique-de-confidentialite\/#breadcrumb"},"inLanguage":"fr-FR","potentialAction":[{"@type":"ReadAction","target":["https:\/\/www.swisscanto-flex.ch\/fr\/politique-de-confidentialite\/"]}]},{"@type":"BreadcrumbList","@id":"https:\/\/www.swisscanto-flex.ch\/fr\/politique-de-confidentialite\/#breadcrumb","itemListElement":[{"@type":"ListItem","position":1,"name":"Home","item":"https:\/\/www.swisscanto-flex.ch\/fr\/"},{"@type":"ListItem","position":2,"name":"Politique de confidentialit\u00e9"}]},{"@type":"WebSite","@id":"https:\/\/www.swisscanto-flex.ch\/fr\/#website","url":"https:\/\/www.swisscanto-flex.ch\/fr\/","name":"Swisscanto Flex","description":"","publisher":{"@id":"https:\/\/www.swisscanto-flex.ch\/fr\/#organization"},"potentialAction":[{"@type":"SearchAction","target":{"@type":"EntryPoint","urlTemplate":"https:\/\/www.swisscanto-flex.ch\/fr\/?s={search_term_string}"},"query-input":{"@type":"PropertyValueSpecification","valueRequired":true,"valueName":"search_term_string"}}],"inLanguage":"fr-FR"},{"@type":"Organization","@id":"https:\/\/www.swisscanto-flex.ch\/fr\/#organization","name":"Swisscanto Flex","url":"https:\/\/www.swisscanto-flex.ch\/fr\/","logo":{"@type":"ImageObject","inLanguage":"fr-FR","@id":"https:\/\/www.swisscanto-flex.ch\/fr\/#\/schema\/logo\/image\/","url":"https:\/\/www.swisscanto-flex.ch\/wp-content\/uploads\/2025\/08\/SWCstift_Flex_DE_hor_pos_sRGB.png","contentUrl":"https:\/\/www.swisscanto-flex.ch\/wp-content\/uploads\/2025\/08\/SWCstift_Flex_DE_hor_pos_sRGB.png","width":1241,"height":110,"caption":"Swisscanto Flex"},"image":{"@id":"https:\/\/www.swisscanto-flex.ch\/fr\/#\/schema\/logo\/image\/"}}]}},"_links":{"self":[{"href":"https:\/\/www.swisscanto-flex.ch\/fr\/wp-json\/wp\/v2\/pages\/12515","targetHints":{"allow":["GET"]}}],"collection":[{"href":"https:\/\/www.swisscanto-flex.ch\/fr\/wp-json\/wp\/v2\/pages"}],"about":[{"href":"https:\/\/www.swisscanto-flex.ch\/fr\/wp-json\/wp\/v2\/types\/page"}],"author":[{"embeddable":true,"href":"https:\/\/www.swisscanto-flex.ch\/fr\/wp-json\/wp\/v2\/users\/2"}],"replies":[{"embeddable":true,"href":"https:\/\/www.swisscanto-flex.ch\/fr\/wp-json\/wp\/v2\/comments?post=12515"}],"version-history":[{"count":6,"href":"https:\/\/www.swisscanto-flex.ch\/fr\/wp-json\/wp\/v2\/pages\/12515\/revisions"}],"predecessor-version":[{"id":13463,"href":"https:\/\/www.swisscanto-flex.ch\/fr\/wp-json\/wp\/v2\/pages\/12515\/revisions\/13463"}],"wp:attachment":[{"href":"https:\/\/www.swisscanto-flex.ch\/fr\/wp-json\/wp\/v2\/media?parent=12515"}],"curies":[{"name":"wp","href":"https:\/\/api.w.org\/{rel}","templated":true}]}}