{"id":12540,"date":"2023-04-18T17:02:03","date_gmt":"2023-04-18T15:02:03","guid":{"rendered":"https:\/\/www.swisscanto-flex.ch\/conditions-dutilisation\/"},"modified":"2023-04-18T17:13:53","modified_gmt":"2023-04-18T15:13:53","slug":"conditions-dutilisation","status":"publish","type":"page","link":"https:\/\/www.swisscanto-flex.ch\/fr\/conditions-dutilisation\/","title":{"rendered":"Conditions d\u2019utilisation"},"content":{"rendered":"\t\t<div data-elementor-type=\"wp-page\" data-elementor-id=\"12540\" class=\"elementor elementor-12540 elementor-12534\" data-elementor-settings=\"{&quot;ha_cmc_init_switcher&quot;:&quot;no&quot;}\" data-elementor-post-type=\"page\">\n\t\t\t\t\t\t<section class=\"elementor-section elementor-top-section elementor-element elementor-element-a2755fb elementor-section-boxed elementor-section-height-default elementor-section-height-default\" data-id=\"a2755fb\" data-element_type=\"section\" data-settings=\"{&quot;_ha_eqh_enable&quot;:false}\">\n\t\t\t\t\t\t<div class=\"elementor-container elementor-column-gap-default\">\n\t\t\t\t\t<div class=\"elementor-column elementor-col-100 elementor-top-column elementor-element elementor-element-995df80\" data-id=\"995df80\" data-element_type=\"column\">\n\t\t\t<div class=\"elementor-widget-wrap elementor-element-populated\">\n\t\t\t\t\t\t<div class=\"elementor-element elementor-element-3544cc1 elementor-widget elementor-widget-heading\" data-id=\"3544cc1\" data-element_type=\"widget\" data-widget_type=\"heading.default\">\n\t\t\t\t<div class=\"elementor-widget-container\">\n\t\t\t\t\t<h1 class=\"elementor-heading-title elementor-size-default\">Conditions d\u2019utilisation<\/h1>\t\t\t\t<\/div>\n\t\t\t\t<\/div>\n\t\t\t\t<div class=\"elementor-element elementor-element-85e3417 elementor-widget elementor-widget-text-editor\" data-id=\"85e3417\" data-element_type=\"widget\" data-widget_type=\"text-editor.default\">\n\t\t\t\t<div class=\"elementor-widget-container\">\n\t\t\t\t\t\t\t\t\t<p>Avant de poursuivre, veuillez lire les conditions d\u2019utilisation en vigueur ainsi que les informations juridiques relatives aux services que vous sollicitez.<\/p>\n\t\t\t\t\t\t\t\t<\/div>\n\t\t\t\t<\/div>\n\t\t\t\t<div class=\"elementor-element elementor-element-9f88786 elementor-widget elementor-widget-heading\" data-id=\"9f88786\" data-element_type=\"widget\" data-widget_type=\"heading.default\">\n\t\t\t\t<div class=\"elementor-widget-container\">\n\t\t\t\t\t<h2 class=\"elementor-heading-title elementor-size-default\">D\u00e9claration d\u2019accord<\/h2>\t\t\t\t<\/div>\n\t\t\t\t<\/div>\n\t\t\t\t<div class=\"elementor-element elementor-element-cf488cc elementor-widget elementor-widget-text-editor\" data-id=\"cf488cc\" data-element_type=\"widget\" data-widget_type=\"text-editor.default\">\n\t\t\t\t<div class=\"elementor-widget-container\">\n\t\t\t\t\t\t\t\t\t<p>En acc\u00e9dant aux sites Web de Swisscanto ainsi qu\u2019aux services, produits, informations, opinions, documents, fonctions, etc. qui y sont contenus ou d\u00e9crits (ci-apr\u00e8s \u201d les informations \u201c), vous d\u00e9clarez avoir compris et accept\u00e9 les conditions d\u2019utilisation. Veuillez \u00e9galement lire les informations juridiques suppl\u00e9mentaires relatives aux services et produits que vous sollicitez.<\/p>\n\t\t\t\t\t\t\t\t<\/div>\n\t\t\t\t<\/div>\n\t\t\t\t<div class=\"elementor-element elementor-element-d676050 elementor-widget elementor-widget-heading\" data-id=\"d676050\" data-element_type=\"widget\" data-widget_type=\"heading.default\">\n\t\t\t\t<div class=\"elementor-widget-container\">\n\t\t\t\t\t<h2 class=\"elementor-heading-title elementor-size-default\">Droit de modifications<\/h2>\t\t\t\t<\/div>\n\t\t\t\t<\/div>\n\t\t\t\t<div class=\"elementor-element elementor-element-69336ae elementor-widget elementor-widget-text-editor\" data-id=\"69336ae\" data-element_type=\"widget\" data-widget_type=\"text-editor.default\">\n\t\t\t\t<div class=\"elementor-widget-container\">\n\t\t\t\t\t\t\t\t\t<p>Les conditions d\u2019utilisation, les informations juridiques ainsi que toutes les informations contenues sur les sites Web de Swisscanto peuvent \u00eatre modifi\u00e9es \u00e0 tout moment sans pr\u00e9avis. Nous vous recommandons donc de les v\u00e9rifier r\u00e9guli\u00e8rement. Si vous ne comprenez ou n\u2019\u00eates pas d\u2019accord avec l\u2019une des dispositions de ces conditions d\u2019utilisation, veuillez quitter le site Web de Swisscanto.<\/p>\n\t\t\t\t\t\t\t\t<\/div>\n\t\t\t\t<\/div>\n\t\t\t\t<div class=\"elementor-element elementor-element-b0eb3e1 elementor-widget elementor-widget-heading\" data-id=\"b0eb3e1\" data-element_type=\"widget\" data-widget_type=\"heading.default\">\n\t\t\t\t<div class=\"elementor-widget-container\">\n\t\t\t\t\t<h2 class=\"elementor-heading-title elementor-size-default\">Acc\u00e8s et restrictions<\/h2>\t\t\t\t<\/div>\n\t\t\t\t<\/div>\n\t\t\t\t<div class=\"elementor-element elementor-element-2890b1e elementor-widget elementor-widget-text-editor\" data-id=\"2890b1e\" data-element_type=\"widget\" data-widget_type=\"text-editor.default\">\n\t\t\t\t<div class=\"elementor-widget-container\">\n\t\t\t\t\t\t\t\t\t<p>Die Swisscanto-Websites sind nicht f\u00fcr nat\u00fcrliche und juristische Personen bestimmt, die einer Rechtsordnung unterstehen, welche den Zugriff zu den Swisscanto-Websites beziehungsweise zu Swisscanto-Produkten (aufgrund der Nationalit\u00e4t der betreffenden Person, ihres Wohnsitzes beziehungsweise Sitzes oder aus anderen Gr\u00fcnden) verbietet. Personen, auf die solche Einschr\u00e4nkungen zutreffen, ist der Zugriff auf die Swisscanto-Websites nicht gestattet.<\/p>\n<p>En particulier, les informations contenues sur le site Web de Swisscanto ne doivent pas \u00eatre distribu\u00e9es et\/ou transmises \u00e0 des personnes qui sont des \u201d US persons \u201d au sens de la d\u00e9finition donn\u00e9e par la Regulation S de l\u2019US Securities Act de 1933.<\/p>\n\t\t\t\t\t\t\t\t<\/div>\n\t\t\t\t<\/div>\n\t\t\t\t<div class=\"elementor-element elementor-element-e9c920e elementor-widget elementor-widget-heading\" data-id=\"e9c920e\" data-element_type=\"widget\" data-widget_type=\"heading.default\">\n\t\t\t\t<div class=\"elementor-widget-container\">\n\t\t\t\t\t<h2 class=\"elementor-heading-title elementor-size-default\">Aucun conseil et aucune offre<\/h2>\t\t\t\t<\/div>\n\t\t\t\t<\/div>\n\t\t\t\t<div class=\"elementor-element elementor-element-9154daa elementor-widget elementor-widget-text-editor\" data-id=\"9154daa\" data-element_type=\"widget\" data-widget_type=\"text-editor.default\">\n\t\t\t\t<div class=\"elementor-widget-container\">\n\t\t\t\t\t\t\t\t\t<p>Les informations publi\u00e9es sur les sites Web de Swisscanto sont fournies \u00e0 titre purement indicatif. Elles ne constituent ni de la publicit\u00e9, ni des conseils \u2013 ni sur le plan juridique, ni sur le plan fiscal, \u00e9conomique ou autre \u2013 ni une recommandation ou une offre d\u2019achat ou de vente de produits ou de r\u00e9aliser d\u2019autres transactions ou encore de conclure une quelconque affaire. Le fait d\u2019acc\u00e9der au site Web de Swisscanto ne fait pas de vous un client.<\/p>\n\t\t\t\t\t\t\t\t<\/div>\n\t\t\t\t<\/div>\n\t\t\t\t<div class=\"elementor-element elementor-element-52eefd6 elementor-widget elementor-widget-heading\" data-id=\"52eefd6\" data-element_type=\"widget\" data-widget_type=\"heading.default\">\n\t\t\t\t<div class=\"elementor-widget-container\">\n\t\t\t\t\t<h2 class=\"elementor-heading-title elementor-size-default\">Absence d\u2019ordre<\/h2>\t\t\t\t<\/div>\n\t\t\t\t<\/div>\n\t\t\t\t<div class=\"elementor-element elementor-element-0d451b8 elementor-widget elementor-widget-text-editor\" data-id=\"0d451b8\" data-element_type=\"widget\" data-widget_type=\"text-editor.default\">\n\t\t\t\t<div class=\"elementor-widget-container\">\n\t\t\t\t\t\t\t\t\t<p>Swisscanto stipule express\u00e9ment ne pas \u00eatre tenu d\u2019accepter et d\u2019ex\u00e9cuter les ordres, annulations d\u2019ordre, autorisations de transactions commerciales ou autres d\u00e9clarations constitutives de droit transmises sur le site Web de Swisscanto. D\u2019\u00e9ventuels accords particuliers ou possibilit\u00e9s de contact sp\u00e9cifiques (par exemple les formulaires de commande des lettres d\u2019information) demeurent sous r\u00e9serve.<\/p>\n\t\t\t\t\t\t\t\t<\/div>\n\t\t\t\t<\/div>\n\t\t\t\t<div class=\"elementor-element elementor-element-11f14d7 elementor-widget elementor-widget-heading\" data-id=\"11f14d7\" data-element_type=\"widget\" data-widget_type=\"heading.default\">\n\t\t\t\t<div class=\"elementor-widget-container\">\n\t\t\t\t\t<h2 class=\"elementor-heading-title elementor-size-default\">Avertissement concernant la performance et les risques<\/h2>\t\t\t\t<\/div>\n\t\t\t\t<\/div>\n\t\t\t\t<div class=\"elementor-element elementor-element-c5933e2 elementor-widget elementor-widget-text-editor\" data-id=\"c5933e2\" data-element_type=\"widget\" data-widget_type=\"text-editor.default\">\n\t\t\t\t<div class=\"elementor-widget-container\">\n\t\t\t\t\t\t\t\t\t<p>Les placements de capitaux sont li\u00e9s \u00e0 des risques, notamment \u00e0 la perte potentielle du capital investi. Le prix, la valeur et le produit des placements de capitaux peuvent cro\u00eetre ou diminuer. Les placements en monnaies \u00e9trang\u00e8res sont par ailleurs soumis aux fluctuations de change. Les risques sont d\u00e9crits en d\u00e9tail dans les documents actuels respectifs du produit que l\u2019investisseur doit lire avec attention avant d\u2019investir dans des produits Swisscanto.<\/p>\n<p>La performance pass\u00e9e ne constitue ni un indicateur ni une garantie de la performance future. Les donn\u00e9es de performance sont calcul\u00e9es sur la base du r\u00e9investissement des \u00e9ventuelles distributions et, en cas de doute, ne tiennent pas compte des commissions et frais pr\u00e9lev\u00e9s lors de la souscription et du rachat de parts qui influencent n\u00e9gativement la performance. Le calcul est effectu\u00e9 dans la monnaie du produit et peut par cons\u00e9quent augmenter ou diminuer en fonction des fluctuations de change.<\/p>\n\t\t\t\t\t\t\t\t<\/div>\n\t\t\t\t<\/div>\n\t\t\t\t<div class=\"elementor-element elementor-element-e84d925 elementor-widget elementor-widget-heading\" data-id=\"e84d925\" data-element_type=\"widget\" data-widget_type=\"heading.default\">\n\t\t\t\t<div class=\"elementor-widget-container\">\n\t\t\t\t\t<h2 class=\"elementor-heading-title elementor-size-default\">Exclusion de responsabilit\u00e9 et de garantie<\/h2>\t\t\t\t<\/div>\n\t\t\t\t<\/div>\n\t\t\t\t<div class=\"elementor-element elementor-element-83f5b2a elementor-widget elementor-widget-text-editor\" data-id=\"83f5b2a\" data-element_type=\"widget\" data-widget_type=\"text-editor.default\">\n\t\t\t\t<div class=\"elementor-widget-container\">\n\t\t\t\t\t\t\t\t\t<p>Swisscanto \u00e9labore avec le plus grand soin les informations publi\u00e9es sur le site Web de Swisscanto. N\u00e9anmoins, Swisscanto ne peut garantir l\u2019actualit\u00e9, l\u2019exactitude, la pr\u00e9cision ou l\u2019exhaustivit\u00e9 de toutes les informations publi\u00e9es sur le site Web de Swisscanto. Swisscanto se r\u00e9serve le droit de mettre \u00e0 jour, de modifier ou de supprimer des informations \u00e0 tout moment et sans pr\u00e9avis. Les opinions et estimations qui figurent sur le site Web de Swisscanto refl\u00e8tent le jugement de Swisscanto au moment de la publication et ne constituent pas un conseil g\u00e9n\u00e9ral ou sp\u00e9cifique d\u2019ordre juridique, fiscal ou autre.<\/p>\n<p>Les informations du site de Swisscanto sont fournies \u201d en l\u2019\u00e9tat \u201d et \u201d telles qu\u2019elles sont disponibles \u201c. Swisscanto ne garantit en aucun cas que l\u2019acc\u00e8s au site Web de Swisscanto ou aux fonctions propos\u00e9es sur le site Web de Swisscanto ne sera pas perturb\u00e9 par des erreurs ou interruptions techniques, que les erreurs seront corrig\u00e9es ou que l\u2019utilisation du site Web de Swisscanto sera exempte de virus ou d\u2019autres composants dangereux.<\/p>\n<p>Swisscanto ne peut garantir l\u2019actualit\u00e9, l\u2019exactitude, la pr\u00e9cision ou l\u2019exhaustivit\u00e9 des informations publi\u00e9es sur le site Web de Swisscanto. Dans la mesure autoris\u00e9e par la loi, Swisscanto d\u00e9cline toute responsabilit\u00e9 pour les dommages directs et\/ou indirects ainsi que pour les pertes de b\u00e9n\u00e9fice r\u00e9sultant de l\u2019utilisation, de l\u2019acc\u00e8s aux informations du site Web Swisscanto ou aux liens vers des sites de tiers, ou de l\u2019impossibilit\u00e9 de l\u2019utilisation ou de l\u2019acc\u00e8s. Cette exclusion de responsabilit\u00e9 s\u2019applique \u00e9galement \u00e0 tous les dommages r\u00e9sultant de la manipulation par des tiers du site Web de Swisscanto. De plus, Swisscanto d\u00e9cline toute responsabilit\u00e9 en cas de manipulation de votre syst\u00e8me informatique par des tiers.<\/p>\n<p>Les accords sp\u00e9ciaux conclus entre vous et Swisscanto sur des services \u00e9lectroniques restent r\u00e9serv\u00e9s.<\/p>\n\t\t\t\t\t\t\t\t<\/div>\n\t\t\t\t<\/div>\n\t\t\t\t<div class=\"elementor-element elementor-element-701726b elementor-widget elementor-widget-heading\" data-id=\"701726b\" data-element_type=\"widget\" data-widget_type=\"heading.default\">\n\t\t\t\t<div class=\"elementor-widget-container\">\n\t\t\t\t\t<h2 class=\"elementor-heading-title elementor-size-default\">Tous droits de propri\u00e9t\u00e9 intellectuelle r\u00e9serv\u00e9s<\/h2>\t\t\t\t<\/div>\n\t\t\t\t<\/div>\n\t\t\t\t<div class=\"elementor-element elementor-element-2c0aebd elementor-widget elementor-widget-text-editor\" data-id=\"2c0aebd\" data-element_type=\"widget\" data-widget_type=\"text-editor.default\">\n\t\t\t\t<div class=\"elementor-widget-container\">\n\t\t\t\t\t\t\t\t\t<p>\u201d Swisscanto \u201c, ainsi que les logos correspondants sont des marques ou des produits prot\u00e9g\u00e9s par des droits de propri\u00e9t\u00e9 intellectuelle de Swisscanto.<\/p>\n<p>Toutes les informations figurant sur le site Web de Swisscanto sont prot\u00e9g\u00e9es par des droits de propri\u00e9t\u00e9 intellectuelle et appartiennent \u00e0 Swisscanto ou \u00e0 des tiers. Ces informations ne sont librement utilisables que dans le cadre priv\u00e9. Aucun des \u00e9l\u00e9ments et aucune des informations formant le site Web de Swisscanto n\u2019est con\u00e7u de fa\u00e7on \u00e0 constituer une licence ou un droit d\u2019utilisation d\u2019une marque enregistr\u00e9e, d\u2019un logo, d\u2019une image ou d\u2019un autre contenu prot\u00e9g\u00e9 par des droits de propri\u00e9t\u00e9 intellectuelle. Sans l\u2019accord \u00e9crit de Swisscanto, il est interdit de consulter syst\u00e9matiquement le contenu du site Web de Swisscanto pour constituer directement ou indirectement un recueil, une base de donn\u00e9es ou un r\u00e9pertoire.<\/p>\n<p>Swisscanto se r\u00e9serve toutes les dispositions applicables en mati\u00e8re de propri\u00e9t\u00e9 intellectuelle (en particulier les droits d\u2019auteurs et les droits des marques) relatives \u00e0 tous les documents et informations du site Web de Swisscanto et saisiront toutes les possibilit\u00e9s de faire valoir ces droits dans leur int\u00e9gralit\u00e9.<\/p>\n\t\t\t\t\t\t\t\t<\/div>\n\t\t\t\t<\/div>\n\t\t\t\t<div class=\"elementor-element elementor-element-901117d elementor-widget elementor-widget-heading\" data-id=\"901117d\" data-element_type=\"widget\" data-widget_type=\"heading.default\">\n\t\t\t\t<div class=\"elementor-widget-container\">\n\t\t\t\t\t<h2 class=\"elementor-heading-title elementor-size-default\">Liens vers d\u2019autres sites Web<\/h2>\t\t\t\t<\/div>\n\t\t\t\t<\/div>\n\t\t\t\t<div class=\"elementor-element elementor-element-24b48a4 elementor-widget elementor-widget-text-editor\" data-id=\"24b48a4\" data-element_type=\"widget\" data-widget_type=\"text-editor.default\">\n\t\t\t\t<div class=\"elementor-widget-container\">\n\t\t\t\t\t\t\t\t\t<p>Les sites Web Swisscanto peuvent comprendre des contenus de tiers et des liens vers les sites Web de tiers. Les liens des sites Web Swisscanto vers les sites de tiers sont fournis \u00e0 titre d\u2019information et servent \u00e0 rendre la navigation plus conviviale. Ces sites Web de tiers \u00e9chappent totalement \u00e0 l\u2019influence de Swisscanto, c\u2019est pourquoi Swisscanto n\u2019offre aucune garantie et d\u00e9clinent toute responsabilit\u00e9 concernant l\u2019exactitude, la qualit\u00e9, l\u2019exhaustivit\u00e9 et la l\u00e9galit\u00e9 du contenu de ces sites Web ainsi que pour les offres et les prestations de services qu\u2019ils contiennent. La responsabilit\u00e9 en incombe \u00e0 l\u2019exploitant des sites Web consult\u00e9s par l\u2019utilisateur via les liens. Swisscanto ne peut \u00eatre tenu pour responsables. Toute connexion \u00e0 l\u2019un de ces sites Web s\u2019effectue \u00e0 vos propres risques.<\/p>\n\t\t\t\t\t\t\t\t<\/div>\n\t\t\t\t<\/div>\n\t\t\t\t\t<\/div>\n\t\t<\/div>\n\t\t\t\t\t<\/div>\n\t\t<\/section>\n\t\t\t\t<\/div>\n\t\t","protected":false},"excerpt":{"rendered":"<p>Conditions d\u2019utilisation Avant de poursuivre, veuillez lire les conditions d\u2019utilisation en vigueur ainsi que les informations juridiques relatives aux services que vous sollicitez. D\u00e9claration d\u2019accord En acc\u00e9dant aux sites Web de Swisscanto ainsi qu\u2019aux services, produits, informations, opinions, documents, fonctions, etc. qui y sont contenus ou d\u00e9crits (ci-apr\u00e8s \u201d les informations \u201c), vous d\u00e9clarez avoir [&hellip;]<\/p>\n","protected":false},"author":2,"featured_media":0,"parent":0,"menu_order":520,"comment_status":"closed","ping_status":"closed","template":"","meta":{"_acf_changed":false,"footnotes":""},"class_list":["post-12540","page","type-page","status-publish","hentry"],"acf":[],"yoast_head":"<!-- This site is optimized with the Yoast SEO plugin v26.1.1 - https:\/\/yoast.com\/wordpress\/plugins\/seo\/ -->\n<title>Conditions d\u2019utilisation - Swisscanto Flex<\/title>\n<meta name=\"robots\" content=\"index, follow, max-snippet:-1, max-image-preview:large, max-video-preview:-1\" \/>\n<link rel=\"canonical\" href=\"https:\/\/www.swisscanto-flex.ch\/fr\/conditions-dutilisation\/\" \/>\n<meta property=\"og:locale\" content=\"fr_FR\" \/>\n<meta property=\"og:type\" content=\"article\" \/>\n<meta property=\"og:title\" content=\"Conditions d\u2019utilisation - Swisscanto Flex\" \/>\n<meta property=\"og:description\" content=\"Conditions d\u2019utilisation Avant de poursuivre, veuillez lire les conditions d\u2019utilisation en vigueur ainsi que les informations juridiques relatives aux services que vous sollicitez. D\u00e9claration d\u2019accord En acc\u00e9dant aux sites Web de Swisscanto ainsi qu\u2019aux services, produits, informations, opinions, documents, fonctions, etc. qui y sont contenus ou d\u00e9crits (ci-apr\u00e8s \u201d les informations \u201c), vous d\u00e9clarez avoir [&hellip;]\" \/>\n<meta property=\"og:url\" content=\"https:\/\/www.swisscanto-flex.ch\/fr\/conditions-dutilisation\/\" \/>\n<meta property=\"og:site_name\" content=\"Swisscanto Flex\" \/>\n<meta property=\"article:modified_time\" content=\"2023-04-18T15:13:53+00:00\" \/>\n<meta name=\"twitter:card\" content=\"summary_large_image\" \/>\n<meta name=\"twitter:label1\" content=\"Dur\u00e9e de lecture estim\u00e9e\" \/>\n\t<meta name=\"twitter:data1\" content=\"6 minutes\" \/>\n<script type=\"application\/ld+json\" class=\"yoast-schema-graph\">{\"@context\":\"https:\/\/schema.org\",\"@graph\":[{\"@type\":\"WebPage\",\"@id\":\"https:\/\/www.swisscanto-flex.ch\/fr\/conditions-dutilisation\/\",\"url\":\"https:\/\/www.swisscanto-flex.ch\/fr\/conditions-dutilisation\/\",\"name\":\"Conditions d\u2019utilisation - Swisscanto Flex\",\"isPartOf\":{\"@id\":\"https:\/\/www.swisscanto-flex.ch\/fr\/#website\"},\"datePublished\":\"2023-04-18T15:02:03+00:00\",\"dateModified\":\"2023-04-18T15:13:53+00:00\",\"breadcrumb\":{\"@id\":\"https:\/\/www.swisscanto-flex.ch\/fr\/conditions-dutilisation\/#breadcrumb\"},\"inLanguage\":\"fr-FR\",\"potentialAction\":[{\"@type\":\"ReadAction\",\"target\":[\"https:\/\/www.swisscanto-flex.ch\/fr\/conditions-dutilisation\/\"]}]},{\"@type\":\"BreadcrumbList\",\"@id\":\"https:\/\/www.swisscanto-flex.ch\/fr\/conditions-dutilisation\/#breadcrumb\",\"itemListElement\":[{\"@type\":\"ListItem\",\"position\":1,\"name\":\"Home\",\"item\":\"https:\/\/www.swisscanto-flex.ch\/fr\/\"},{\"@type\":\"ListItem\",\"position\":2,\"name\":\"Conditions d\u2019utilisation\"}]},{\"@type\":\"WebSite\",\"@id\":\"https:\/\/www.swisscanto-flex.ch\/fr\/#website\",\"url\":\"https:\/\/www.swisscanto-flex.ch\/fr\/\",\"name\":\"Swisscanto Flex\",\"description\":\"\",\"publisher\":{\"@id\":\"https:\/\/www.swisscanto-flex.ch\/fr\/#organization\"},\"potentialAction\":[{\"@type\":\"SearchAction\",\"target\":{\"@type\":\"EntryPoint\",\"urlTemplate\":\"https:\/\/www.swisscanto-flex.ch\/fr\/?s={search_term_string}\"},\"query-input\":{\"@type\":\"PropertyValueSpecification\",\"valueRequired\":true,\"valueName\":\"search_term_string\"}}],\"inLanguage\":\"fr-FR\"},{\"@type\":\"Organization\",\"@id\":\"https:\/\/www.swisscanto-flex.ch\/fr\/#organization\",\"name\":\"Swisscanto Flex\",\"url\":\"https:\/\/www.swisscanto-flex.ch\/fr\/\",\"logo\":{\"@type\":\"ImageObject\",\"inLanguage\":\"fr-FR\",\"@id\":\"https:\/\/www.swisscanto-flex.ch\/fr\/#\/schema\/logo\/image\/\",\"url\":\"https:\/\/www.swisscanto-flex.ch\/wp-content\/uploads\/2025\/08\/SWCstift_Flex_DE_hor_pos_sRGB.png\",\"contentUrl\":\"https:\/\/www.swisscanto-flex.ch\/wp-content\/uploads\/2025\/08\/SWCstift_Flex_DE_hor_pos_sRGB.png\",\"width\":1241,\"height\":110,\"caption\":\"Swisscanto Flex\"},\"image\":{\"@id\":\"https:\/\/www.swisscanto-flex.ch\/fr\/#\/schema\/logo\/image\/\"}}]}<\/script>\n<!-- \/ Yoast SEO plugin. -->","yoast_head_json":{"title":"Conditions d\u2019utilisation - Swisscanto Flex","robots":{"index":"index","follow":"follow","max-snippet":"max-snippet:-1","max-image-preview":"max-image-preview:large","max-video-preview":"max-video-preview:-1"},"canonical":"https:\/\/www.swisscanto-flex.ch\/fr\/conditions-dutilisation\/","og_locale":"fr_FR","og_type":"article","og_title":"Conditions d\u2019utilisation - Swisscanto Flex","og_description":"Conditions d\u2019utilisation Avant de poursuivre, veuillez lire les conditions d\u2019utilisation en vigueur ainsi que les informations juridiques relatives aux services que vous sollicitez. D\u00e9claration d\u2019accord En acc\u00e9dant aux sites Web de Swisscanto ainsi qu\u2019aux services, produits, informations, opinions, documents, fonctions, etc. qui y sont contenus ou d\u00e9crits (ci-apr\u00e8s \u201d les informations \u201c), vous d\u00e9clarez avoir [&hellip;]","og_url":"https:\/\/www.swisscanto-flex.ch\/fr\/conditions-dutilisation\/","og_site_name":"Swisscanto Flex","article_modified_time":"2023-04-18T15:13:53+00:00","twitter_card":"summary_large_image","twitter_misc":{"Dur\u00e9e de lecture estim\u00e9e":"6 minutes"},"schema":{"@context":"https:\/\/schema.org","@graph":[{"@type":"WebPage","@id":"https:\/\/www.swisscanto-flex.ch\/fr\/conditions-dutilisation\/","url":"https:\/\/www.swisscanto-flex.ch\/fr\/conditions-dutilisation\/","name":"Conditions d\u2019utilisation - Swisscanto Flex","isPartOf":{"@id":"https:\/\/www.swisscanto-flex.ch\/fr\/#website"},"datePublished":"2023-04-18T15:02:03+00:00","dateModified":"2023-04-18T15:13:53+00:00","breadcrumb":{"@id":"https:\/\/www.swisscanto-flex.ch\/fr\/conditions-dutilisation\/#breadcrumb"},"inLanguage":"fr-FR","potentialAction":[{"@type":"ReadAction","target":["https:\/\/www.swisscanto-flex.ch\/fr\/conditions-dutilisation\/"]}]},{"@type":"BreadcrumbList","@id":"https:\/\/www.swisscanto-flex.ch\/fr\/conditions-dutilisation\/#breadcrumb","itemListElement":[{"@type":"ListItem","position":1,"name":"Home","item":"https:\/\/www.swisscanto-flex.ch\/fr\/"},{"@type":"ListItem","position":2,"name":"Conditions d\u2019utilisation"}]},{"@type":"WebSite","@id":"https:\/\/www.swisscanto-flex.ch\/fr\/#website","url":"https:\/\/www.swisscanto-flex.ch\/fr\/","name":"Swisscanto Flex","description":"","publisher":{"@id":"https:\/\/www.swisscanto-flex.ch\/fr\/#organization"},"potentialAction":[{"@type":"SearchAction","target":{"@type":"EntryPoint","urlTemplate":"https:\/\/www.swisscanto-flex.ch\/fr\/?s={search_term_string}"},"query-input":{"@type":"PropertyValueSpecification","valueRequired":true,"valueName":"search_term_string"}}],"inLanguage":"fr-FR"},{"@type":"Organization","@id":"https:\/\/www.swisscanto-flex.ch\/fr\/#organization","name":"Swisscanto Flex","url":"https:\/\/www.swisscanto-flex.ch\/fr\/","logo":{"@type":"ImageObject","inLanguage":"fr-FR","@id":"https:\/\/www.swisscanto-flex.ch\/fr\/#\/schema\/logo\/image\/","url":"https:\/\/www.swisscanto-flex.ch\/wp-content\/uploads\/2025\/08\/SWCstift_Flex_DE_hor_pos_sRGB.png","contentUrl":"https:\/\/www.swisscanto-flex.ch\/wp-content\/uploads\/2025\/08\/SWCstift_Flex_DE_hor_pos_sRGB.png","width":1241,"height":110,"caption":"Swisscanto Flex"},"image":{"@id":"https:\/\/www.swisscanto-flex.ch\/fr\/#\/schema\/logo\/image\/"}}]}},"_links":{"self":[{"href":"https:\/\/www.swisscanto-flex.ch\/fr\/wp-json\/wp\/v2\/pages\/12540","targetHints":{"allow":["GET"]}}],"collection":[{"href":"https:\/\/www.swisscanto-flex.ch\/fr\/wp-json\/wp\/v2\/pages"}],"about":[{"href":"https:\/\/www.swisscanto-flex.ch\/fr\/wp-json\/wp\/v2\/types\/page"}],"author":[{"embeddable":true,"href":"https:\/\/www.swisscanto-flex.ch\/fr\/wp-json\/wp\/v2\/users\/2"}],"replies":[{"embeddable":true,"href":"https:\/\/www.swisscanto-flex.ch\/fr\/wp-json\/wp\/v2\/comments?post=12540"}],"version-history":[{"count":1,"href":"https:\/\/www.swisscanto-flex.ch\/fr\/wp-json\/wp\/v2\/pages\/12540\/revisions"}],"predecessor-version":[{"id":12541,"href":"https:\/\/www.swisscanto-flex.ch\/fr\/wp-json\/wp\/v2\/pages\/12540\/revisions\/12541"}],"wp:attachment":[{"href":"https:\/\/www.swisscanto-flex.ch\/fr\/wp-json\/wp\/v2\/media?parent=12540"}],"curies":[{"name":"wp","href":"https:\/\/api.w.org\/{rel}","templated":true}]}}